{"id":29,"date":"2025-06-04T07:37:55","date_gmt":"2025-06-04T05:37:55","guid":{"rendered":"https:\/\/siarkopol.gda.pl\/?page_id=29"},"modified":"2025-06-12T08:06:29","modified_gmt":"2025-06-12T06:06:29","slug":"about-us","status":"publish","type":"page","link":"https:\/\/siarkopol.gda.pl\/en\/o-nas\/","title":{"rendered":"About us"},"content":{"rendered":"<style>.kb-row-layout-id29_d12f9d-49 > .kt-row-column-wrap{align-content:center;}:where(.kb-row-layout-id29_d12f9d-49 > .kt-row-column-wrap) > .wp-block-kadence-column{justify-content:center;}.kb-row-layout-id29_d12f9d-49 > .kt-row-column-wrap{column-gap:var(--global-kb-gap-md, 2rem);row-gap:var(--global-kb-gap-md, 2rem);max-width:var( --global-content-width, 1450px );padding-left:var(--global-content-edge-padding);padding-right:var(--global-content-edge-padding);padding-top:var(--global-kb-spacing-lg, 3rem);padding-bottom:var(--global-kb-spacing-lg, 3rem);min-height:70vh;grid-template-columns:repeat(2, minmax(0, 1fr));}.kb-row-layout-id29_d12f9d-49{background-image:url('https://spcdn.shortpixel.ai/spio/ret_img,q_cdnize,to_auto,s_webp:avif/siarkopol.gda.pl/wp-content/uploads/2025/06/siarkopol-133.jpg');background-size:cover;background-position:75% 65%;background-attachment:scroll;background-repeat:no-repeat;}.kb-row-layout-id29_d12f9d-49 > .kt-row-layout-overlay{opacity:0.85;background:linear-gradient(90deg,var(--global-palette9) 0%,rgba(31,43,95,0) 63%);}@media all and (max-width: 1024px){.kb-row-layout-id29_d12f9d-49 > .kt-row-column-wrap{grid-template-columns:repeat(2, minmax(0, 1fr));}}@media all and (max-width: 767px){.kb-row-layout-id29_d12f9d-49 > .kt-row-column-wrap{grid-template-columns:minmax(0, 1fr);}}<\/style><div class=\"kb-row-layout-wrap kb-row-layout-id29_d12f9d-49 alignnone kt-row-has-bg wp-block-kadence-rowlayout\"><div class=\"kt-row-layout-overlay kt-row-overlay-gradient\"><\/div><div class=\"kt-row-column-wrap kt-has-2-columns kt-row-layout-equal kt-tab-layout-inherit kt-mobile-layout-row kt-row-valign-middle kb-theme-content-width\">\n<style>.kadence-column29_c1099b-fa > .kt-inside-inner-col,.kadence-column29_c1099b-fa > .kt-inside-inner-col:before{border-top-left-radius:0px;border-top-right-radius:0px;border-bottom-right-radius:0px;border-bottom-left-radius:0px;}.kadence-column29_c1099b-fa > .kt-inside-inner-col{column-gap:var(--global-kb-gap-sm, 1rem);}.kadence-column29_c1099b-fa > .kt-inside-inner-col{flex-direction:column;}.kadence-column29_c1099b-fa > .kt-inside-inner-col > .aligncenter{width:100%;}.kadence-column29_c1099b-fa > .kt-inside-inner-col:before{opacity:0.3;}.kadence-column29_c1099b-fa{position:relative;}@media all and (max-width: 1024px){.kadence-column29_c1099b-fa > .kt-inside-inner-col{flex-direction:column;justify-content:center;}}@media all and (max-width: 767px){.kadence-column29_c1099b-fa > .kt-inside-inner-col{flex-direction:column;justify-content:center;}}<\/style>\n<div class=\"wp-block-kadence-column kadence-column29_c1099b-fa\" data-aos=\"fade-up-right\" data-aos-delay=\"150\"><div class=\"kt-inside-inner-col\"><style>.wp-block-kadence-advancedheading.kt-adv-heading29_24bea3-3f, .wp-block-kadence-advancedheading.kt-adv-heading29_24bea3-3f[data-kb-block=\"kb-adv-heading29_24bea3-3f\"]{font-size:var(--global-kb-font-size-md, 1.25rem);font-style:normal;}.wp-block-kadence-advancedheading.kt-adv-heading29_24bea3-3f mark.kt-highlight, .wp-block-kadence-advancedheading.kt-adv-heading29_24bea3-3f[data-kb-block=\"kb-adv-heading29_24bea3-3f\"] mark.kt-highlight{font-style:normal;color:#f76a0c;-webkit-box-decoration-break:clone;box-decoration-break:clone;padding-top:0px;padding-right:0px;padding-bottom:0px;padding-left:0px;}.wp-block-kadence-advancedheading.kt-adv-heading29_24bea3-3f img.kb-inline-image, .wp-block-kadence-advancedheading.kt-adv-heading29_24bea3-3f[data-kb-block=\"kb-adv-heading29_24bea3-3f\"] img.kb-inline-image{width:150px;vertical-align:baseline;}<\/style>\n<p class=\"kt-adv-heading29_24bea3-3f wp-block-kadence-advancedheading has-theme-palette-3-color has-text-color\" data-kb-block=\"kb-adv-heading29_24bea3-3f\"><strong>SIARKOPOL Gda\u0144sk S.A.<\/strong> to nowoczesny terminal prze\u0142adunkowy po\u0142o\u017cony w centrum Portu Gda\u0144skiego, na szlaku sieci TEN-T. Sp\u00f3\u0142ka stale rozwija swoj\u0105 infrastruktur\u0119, inwestuj\u0105c w rozwi\u0105zania zwi\u0119kszaj\u0105ce efektywno\u015b\u0107 i bezpiecze\u0144stwo operacji portowych.<br>Oferta obejmuje prze\u0142adunek i sk\u0142adowanie towar\u00f3w masowych, drobnicowych i p\u0142ynnych, obs\u0142ug\u0119 bocznicy kolejowej, a tak\u017ce manewry lokomotyw\u0105 w\u0142asn\u0105. Dzi\u0119ki zintegrowanym systemom i elastycznym rozwi\u0105zaniom logistycznym, SIARKOPOL zapewnia kompleksow\u0105 obs\u0142ug\u0119 klient\u00f3w krajowych i zagranicznych.<\/p>\n\n\n<style>.wp-block-kadence-advancedbtn.kb-btns29_a3973f-07{gap:var(--global-kb-gap-sm, 1rem);justify-content:flex-start;align-items:center;}.kt-btns29_a3973f-07 .kt-button{font-weight:normal;font-style:normal;}.kt-btns29_a3973f-07 .kt-btn-wrap-0{margin-right:5px;}.wp-block-kadence-advancedbtn.kt-btns29_a3973f-07 .kt-btn-wrap-0 .kt-button{color:#555555;border-color:#555555;}.wp-block-kadence-advancedbtn.kt-btns29_a3973f-07 .kt-btn-wrap-0 .kt-button:hover, .wp-block-kadence-advancedbtn.kt-btns29_a3973f-07 .kt-btn-wrap-0 .kt-button:focus{color:#ffffff;border-color:#444444;}.wp-block-kadence-advancedbtn.kt-btns29_a3973f-07 .kt-btn-wrap-0 .kt-button::before{display:none;}.wp-block-kadence-advancedbtn.kt-btns29_a3973f-07 .kt-btn-wrap-0 .kt-button:hover, .wp-block-kadence-advancedbtn.kt-btns29_a3973f-07 .kt-btn-wrap-0 .kt-button:focus{background:#444444;}<\/style>\n<div class=\"wp-block-kadence-advancedbtn kb-buttons-wrap kb-btns29_a3973f-07\"><style>ul.menu .wp-block-kadence-advancedbtn .kb-btn29_883708-fa.kb-button{width:initial;}<\/style><a class=\"kb-button kt-button button kb-btn29_883708-fa kt-btn-size-standard kt-btn-width-type-auto kb-btn-global-fill  kt-btn-has-text-true kt-btn-has-svg-false  wp-block-kadence-singlebtn\" href=\"https:\/\/siarkopol.gda.pl\/o-nas\/historia\/\"><span class=\"kt-btn-inner-text\">Poznaj histori\u0119<\/span><\/a>\n\n<style>ul.menu .wp-block-kadence-advancedbtn .kb-btn29_794cf6-a5.kb-button{width:initial;}<\/style><a class=\"kb-button kt-button button kb-btn29_794cf6-a5 kt-btn-size-standard kt-btn-width-type-auto kb-btn-global-fill  kt-btn-has-text-true kt-btn-has-svg-false  wp-block-kadence-singlebtn\" href=\"https:\/\/siarkopol.gda.pl\/o-nas\/zarzad\/\"><span class=\"kt-btn-inner-text\">Zarz\u0105d<\/span><\/a>\n\n<style>ul.menu .wp-block-kadence-advancedbtn .kb-btn29_47575a-fb.kb-button{width:initial;}<\/style><a class=\"kb-button kt-button button kb-btn29_47575a-fb kt-btn-size-standard kt-btn-width-type-auto kb-btn-global-fill  kt-btn-has-text-true kt-btn-has-svg-false  wp-block-kadence-singlebtn\" href=\"https:\/\/siarkopol.gda.pl\/o-nas\/rada-nadzorcza\/\"><span class=\"kt-btn-inner-text\">Rada nadzorcza<\/span><\/a><\/div>\n<\/div><\/div>\n\n\n<style>.kadence-column29_ae71e3-f9 > .kt-inside-inner-col,.kadence-column29_ae71e3-f9 > .kt-inside-inner-col:before{border-top-left-radius:0px;border-top-right-radius:0px;border-bottom-right-radius:0px;border-bottom-left-radius:0px;}.kadence-column29_ae71e3-f9 > .kt-inside-inner-col{column-gap:var(--global-kb-gap-sm, 1rem);}.kadence-column29_ae71e3-f9 > .kt-inside-inner-col{flex-direction:column;}.kadence-column29_ae71e3-f9 > .kt-inside-inner-col > .aligncenter{width:100%;}.kadence-column29_ae71e3-f9 > .kt-inside-inner-col:before{opacity:0.3;}.kadence-column29_ae71e3-f9{position:relative;}@media all and (max-width: 1024px){.kadence-column29_ae71e3-f9 > .kt-inside-inner-col{flex-direction:column;justify-content:center;}}@media all and (max-width: 767px){.kadence-column29_ae71e3-f9 > .kt-inside-inner-col{flex-direction:column;justify-content:center;}}<\/style>\n<div class=\"wp-block-kadence-column kadence-column29_ae71e3-f9\"><div class=\"kt-inside-inner-col\"><\/div><\/div>\n\n<\/div><\/div>","protected":false},"excerpt":{"rendered":"<p>SIARKOPOL Gda\u0144sk S.A. to nowoczesny terminal prze\u0142adunkowy po\u0142o\u017cony w centrum Portu Gda\u0144skiego, na szlaku sieci TEN-T. Sp\u00f3\u0142ka stale rozwija swoj\u0105 infrastruktur\u0119, inwestuj\u0105c w rozwi\u0105zania zwi\u0119kszaj\u0105ce efektywno\u015b\u0107 i bezpiecze\u0144stwo operacji portowych.Oferta obejmuje prze\u0142adunek i sk\u0142adowanie towar\u00f3w masowych, drobnicowych i p\u0142ynnych, obs\u0142ug\u0119 bocznicy kolejowej, a tak\u017ce manewry lokomotyw\u0105 w\u0142asn\u0105. Dzi\u0119ki zintegrowanym systemom i elastycznym rozwi\u0105zaniom logistycznym, SIARKOPOL&#8230;<\/p>","protected":false},"author":2,"featured_media":0,"parent":0,"menu_order":0,"comment_status":"closed","ping_status":"closed","template":"","meta":{"_kad_blocks_custom_css":"","_kad_blocks_head_custom_js":"","_kad_blocks_body_custom_js":"","_kad_blocks_footer_custom_js":"","_kad_post_transparent":"","_kad_post_title":"","_kad_post_layout":"","_kad_post_sidebar_id":"","_kad_post_content_style":"","_kad_post_vertical_padding":"","_kad_post_feature":"","_kad_post_feature_position":"","_kad_post_header":false,"_kad_post_footer":false,"_kad_post_classname":"","footnotes":""},"class_list":["post-29","page","type-page","status-publish","hentry"],"taxonomy_info":[],"featured_image_src_large":false,"author_info":{"display_name":"Micha\u0142","author_link":"https:\/\/siarkopol.gda.pl\/en\/author\/michal\/"},"comment_info":0,"_links":{"self":[{"href":"https:\/\/siarkopol.gda.pl\/en\/wp-json\/wp\/v2\/pages\/29","targetHints":{"allow":["GET"]}}],"collection":[{"href":"https:\/\/siarkopol.gda.pl\/en\/wp-json\/wp\/v2\/pages"}],"about":[{"href":"https:\/\/siarkopol.gda.pl\/en\/wp-json\/wp\/v2\/types\/page"}],"author":[{"embeddable":true,"href":"https:\/\/siarkopol.gda.pl\/en\/wp-json\/wp\/v2\/users\/2"}],"replies":[{"embeddable":true,"href":"https:\/\/siarkopol.gda.pl\/en\/wp-json\/wp\/v2\/comments?post=29"}],"version-history":[{"count":1,"href":"https:\/\/siarkopol.gda.pl\/en\/wp-json\/wp\/v2\/pages\/29\/revisions"}],"predecessor-version":[{"id":453,"href":"https:\/\/siarkopol.gda.pl\/en\/wp-json\/wp\/v2\/pages\/29\/revisions\/453"}],"wp:attachment":[{"href":"https:\/\/siarkopol.gda.pl\/en\/wp-json\/wp\/v2\/media?parent=29"}],"curies":[{"name":"wp","href":"https:\/\/api.w.org\/{rel}","templated":true}]}}