{"id":31,"date":"2025-06-04T07:54:22","date_gmt":"2025-06-04T05:54:22","guid":{"rendered":"https:\/\/siarkopol.gda.pl\/?page_id=31"},"modified":"2025-06-23T10:21:19","modified_gmt":"2025-06-23T08:21:19","slug":"history","status":"publish","type":"page","link":"https:\/\/siarkopol.gda.pl\/en\/o-nas\/historia\/","title":{"rendered":"History"},"content":{"rendered":"<style>.kb-row-layout-id31_b4cff9-12 > .kt-row-column-wrap{align-content:start;}:where(.kb-row-layout-id31_b4cff9-12 > .kt-row-column-wrap) > .wp-block-kadence-column{justify-content:start;}.kb-row-layout-id31_b4cff9-12 > .kt-row-column-wrap{column-gap:var(--global-kb-gap-md, 2rem);row-gap:var(--global-kb-gap-md, 2rem);max-width:var( --global-content-width, 1450px );padding-left:var(--global-content-edge-padding);padding-right:var(--global-content-edge-padding);padding-top:var(--global-kb-spacing-xl, 4rem);padding-bottom:var(--global-kb-spacing-3xl, 6.5rem);grid-template-columns:minmax(0, 1fr);}.kb-row-layout-id31_b4cff9-12 > .kt-row-layout-overlay{opacity:0.30;}@media all and (max-width: 1024px){.kb-row-layout-id31_b4cff9-12 > .kt-row-column-wrap{grid-template-columns:minmax(0, 1fr);}}@media all and (max-width: 767px){.kb-row-layout-id31_b4cff9-12 > .kt-row-column-wrap{grid-template-columns:minmax(0, 1fr);}}.siarkopol-timeline {\r            max-width: 1000px;\r            margin: 0 auto;\r            padding: 40px 20px;\r            font-family: -apple-system, BlinkMacSystemFont, 'Segoe UI', Roboto, 'Helvetica Neue', Arial, sans-serif;\r            line-height: 1.6;\r            color: #333;\r        }\r\r        .timeline-header {\r            text-align: center;\r            margin-bottom: 50px;\r            padding: 40px 0;\r            background: #3C4F7C;\r            color: white;\r            margin: 0 -20px 50px -20px;\r        }\r\r        .timeline-header h2 {\r            color: white;\r            font-size: 2.2rem;\r            margin: 0;\r            font-weight: 600;\r        }\r\r        .timeline-container {\r            position: relative;\r            padding-left: 40px;\r        }\r\r        .timeline-container::before {\r            content: '';\r            position: absolute;\r            left: 20px;\r            top: 0;\r            bottom: 0;\r            width: 2px;\r            background: #3C4F7C;\r        }\r\r        .timeline-item {\r            position: relative;\r            margin-bottom: 30px;\r            background: #ffffff;\r            border: 1px solid #e5e7eb;\r            padding: 30px;\r            margin-left: 30px;\r            border-radius: 4px;\r            box-shadow: 0 2px 8px rgba(0, 0, 0, 0.06);\r            transition: box-shadow 0.3s ease, transform 0.2s ease;\r        }\r\r        .timeline-item:hover {\r            box-shadow: 0 4px 16px rgba(0, 0, 0, 0.1);\r            transform: translateY(-2px);\r        }\r\r        .timeline-item::before {\r            content: '';\r            position: absolute;\r            left: -45px;\r            top: 30px;\r            width: 12px;\r            height: 12px;\r            background: #3C4F7C;\r            border: 3px solid #ffffff;\r            border-radius: 50%;\r            box-shadow: 0 0 0 2px #3C4F7C;\r        }\r\r        .timeline-year {\r            background: #3C4F7C;\r            color: white;\r            padding: 8px 16px;\r            border-radius: 3px;\r            font-weight: 600;\r            font-size: 1rem;\r            display: inline-block;\r            margin-bottom: 20px;\r            min-width: 80px;\r            text-align: center;\r        }\r\r        .timeline-content h3 {\r            color: #3C4F7C;\r            margin: 20px 0 15px 0;\r            font-weight: 600;\r            font-size: 1.3rem;\r        }\r\r        .timeline-content p {\r            color: #4b5563;\r            margin-bottom: 15px;\r            font-size: 1rem;\r        }\r\r        .timeline-content strong {\r            color: #3C4F7C;\r            font-weight: 600;\r        }\r\r        .timeline-content em {\r            color: #6b7280;\r            font-style: italic;\r        }\r\r        .timeline-list {\r            list-style: none;\r            padding: 0;\r            margin: 20px 0;\r        }\r\r        .timeline-list li {\r            background: #f8f9fa;\r            margin: 10px 0;\r            padding: 15px 20px;\r            border-radius: 3px;\r            border-left: 3px solid #22C55E;\r            display: flex;\r            align-items: flex-start;\r            gap: 12px;\r            transition: background-color 0.2s ease, border-left-color 0.2s ease;\r        }\r\r        .timeline-list li:hover {\r            background: #f1f5f9;\r            border-left-color: #3C4F7C;\r        }\r\r        .timeline-list li .check-icon {\r            color: #22C55E;\r            font-weight: bold;\r            margin-top: 2px;\r            font-size: 1rem;\r        }\r\r        .timeline-list li span:not(.check-icon) {\r            color: #374151;\r            font-weight: 500;\r        }\r\r        .milestone-badge {\r            background: #22C55E;\r            color: white;\r            padding: 4px 10px;\r            border-radius: 3px;\r            font-size: 0.8rem;\r            font-weight: 600;\r            margin-left: 10px;\r            display: inline-block;\r        }\r\r        .current-activities {\r            background: linear-gradient(135deg, #3C4F7C 0%, #22C55E 100%);\r            color: white;\r            border: none;\r        }\r\r        .current-activities::before {\r            background: #22C55E;\r            box-shadow: 0 0 0 2px #22C55E;\r        }\r\r        .current-activities .timeline-year {\r            background: rgba(255, 255, 255, 0.2);\r            color: white;\r        }\r\r        .current-activities h3 {\r            color: white;\r            margin-bottom: 20px;\r        }\r\r        .current-activities p {\r            color: rgba(255, 255, 255, 0.95);\r        }\r\r        .current-activities strong {\r            color: white;\r        }\r\r        .current-activities .timeline-list li {\r            background: rgba(255, 255, 255, 0.1);\r            border-left-color: #ffffff;\r        }\r\r        .current-activities .timeline-list li:hover {\r            background: rgba(255, 255, 255, 0.2);\r            border-left-color: #ffffff;\r        }\r\r        .current-activities .timeline-list li span:not(.check-icon) {\r            color: rgba(255, 255, 255, 0.95);\r        }\r\r        .current-activities .check-icon {\r            color: #ffffff;\r        }\r\r        .current-activities .milestone-badge {\r            background: rgba(255, 255, 255, 0.3);\r            color: white;\r        }\r\r        .key-achievements {\r            background: #f8f9fa;\r            border: 1px solid #e5e7eb;\r            border-radius: 4px;\r            padding: 20px;\r            margin-top: 20px;\r        }\r\r        .key-achievements h4 {\r            color: #3C4F7C;\r            margin-bottom: 15px;\r            font-weight: 600;\r            font-size: 1.1rem;\r        }\r\r        @media (max-width: 768px) {\r            .siarkopol-timeline {\r                padding: 20px 15px;\r            }\r\r            .timeline-header {\r                margin: 0 -15px 30px -15px;\r                padding: 30px 15px;\r            }\r\r            .timeline-header h2 {\r                font-size: 1.8rem;\r            }\r\r            .timeline-container {\r                padding-left: 30px;\r            }\r\r            .timeline-container::before {\r                left: 15px;\r            }\r\r            .timeline-item {\r                margin-left: 20px;\r                padding: 20px;\r            }\r\r            .timeline-item::before {\r                left: -35px;\r            }\r\r            .timeline-year {\r                font-size: 0.9rem;\r                padding: 6px 12px;\r            }\r\r            .milestone-badge {\r                display: block;\r                margin: 5px 0 0 0;\r                width: fit-content;\r            }\r        }<\/style><div class=\"kb-row-layout-wrap kb-row-layout-id31_b4cff9-12 alignnone wp-block-kadence-rowlayout\"><div class=\"kt-row-column-wrap kt-has-1-columns kt-row-layout-equal kt-tab-layout-inherit kt-mobile-layout-row kt-row-valign-top kb-theme-content-width\">\n<style>.kadence-column31_9e7257-db > .kt-inside-inner-col,.kadence-column31_9e7257-db > .kt-inside-inner-col:before{border-top-left-radius:0px;border-top-right-radius:0px;border-bottom-right-radius:0px;border-bottom-left-radius:0px;}.kadence-column31_9e7257-db > .kt-inside-inner-col{column-gap:var(--global-kb-gap-sm, 1rem);}.kadence-column31_9e7257-db > .kt-inside-inner-col{flex-direction:column;}.kadence-column31_9e7257-db > .kt-inside-inner-col > .aligncenter{width:100%;}.kadence-column31_9e7257-db > .kt-inside-inner-col:before{opacity:0.3;}.kadence-column31_9e7257-db{position:relative;}@media all and (max-width: 1024px){.kadence-column31_9e7257-db > .kt-inside-inner-col{flex-direction:column;justify-content:center;}}@media all and (max-width: 767px){.kadence-column31_9e7257-db > .kt-inside-inner-col{flex-direction:column;justify-content:center;}}<\/style>\n<div class=\"wp-block-kadence-column kadence-column31_9e7257-db\"><div class=\"kt-inside-inner-col\">\n<p><strong>SIARKOPOL Gda\u0144sk S.A.<\/strong> has a history of more than 50 years associated with the handling of sulphur and chemical products in the Port of Gdansk. Since the start of construction in 1969, the company has undergone numerous transformations, adapting to market needs and changing economic realities through the dynamic development of its infrastructure and the expansion of its operations to include new types of cargo.<\/p>\n\n\n\n<p>Today, as part of the PERN Group, SIARKOPOL combines many years of experience with modern logistics solutions, offering comprehensive transhipment, storage and rail services for bulk, general cargo and liquid goods. Details of development and milestones are presented below.<\/p>\n\n\n\n<div class=\"timeline-container\">\n            <div class=\"timeline-item\">\n                <div class=\"timeline-year\">1969 <span class=\"milestone-badge\">Beginning<\/span><\/div>\n                <div class=\"timeline-content\">\n                    <p><strong>Start of construction of plant in Gdansk<\/strong> ???? The aim was to create an infrastructure for shipping and handling sulphur due to increasing exports.<\/p>\n                    <p><strong>First name:<\/strong> <em>Industrial and Commercial Enterprise \"SIARKOPOL\" under construction in Gdansk<\/em><\/p>\n                <\/div>\n            <\/div>\n\n            <div class=\"timeline-item\">\n                <div class=\"timeline-year\">1970-1973<\/div>\n                <div class=\"timeline-content\">\n                    <p>Membership <strong>Combination of Mines and Sulphur Processing Plants \"SIARKOPOL\"<\/strong> in Tarnobrzeg.<\/p>\n                <\/div>\n            <\/div>\n\n            <div class=\"timeline-item\">\n                <div class=\"timeline-year\">1973 <span class=\"milestone-badge\">Investments<\/span><\/div>\n                <div class=\"timeline-content\">\n                    <h3>Completion of basic investments<\/h3>\n                    <ul class=\"timeline-list\">\n                        <li><span class=\"check-icon\">\u2705<\/span><span>Capacity to handle 2 million tonnes of liquid sulphur per year<\/span><\/li>\n                        <li><span class=\"check-icon\">\u2705<\/span><span>Storage of up to 600,000 tonnes of solidified sulphur<\/span><\/li>\n                        <li><span class=\"check-icon\">\u2705<\/span><span>Loading of up to 10,000 tonnes of liquid sulphur per day<\/span><\/li>\n                    <\/ul>\n                <\/div>\n            <\/div>\n\n            <div class=\"timeline-item\">\n                <div class=\"timeline-year\">1985<\/div>\n                <div class=\"timeline-content\">\n                    <p><strong>Name change to:<\/strong> <em>Przedsi\u0119biorstwo Przer\u00f3bki i Spedycji Kopalin Chemicznych \"SIARKOPOL\" in Gda\u0144sk<\/em><\/p>\n                <\/div>\n            <\/div>\n\n            <div class=\"timeline-item\">\n                <div class=\"timeline-year\">1991 <span class=\"milestone-badge\">Privatisation<\/span><\/div>\n                <div class=\"timeline-content\">\n                    <p><strong>Transformation of a state enterprise into a joint stock company of the State Treasury<\/strong><\/p>\n                <\/div>\n            <\/div>\n\n            <div class=\"timeline-item\">\n                <div class=\"timeline-year\">1980s\/90s.<\/div>\n                <div class=\"timeline-content\">\n                    <h3>Development and modernisation<\/h3>\n                    <ul class=\"timeline-list\">\n                        <li><span class=\"check-icon\">\u2705<\/span><span>Handling up to 2.5 million tonnes of sulphur per year<\/span><\/li>\n                        <li><span class=\"check-icon\">\u2705<\/span><span>Production of granulated and crushed sulphur<\/span><\/li>\n                        <li><span class=\"check-icon\">\u2705<\/span><span>Operational wet and dry granulation plants<\/span><\/li>\n                    <\/ul>\n                <\/div>\n            <\/div>\n\n            <div class=\"timeline-item\">\n                <div class=\"timeline-year\">The 1990s. <span class=\"milestone-badge\">Expansion<\/span><\/div>\n                <div class=\"timeline-content\">\n                    <h3>Extension of the offer<\/h3>\n                    <p>Handling and storage of other products:<\/p>\n                    <ul class=\"timeline-list\">\n                        <li><span class=\"check-icon\">\u2705<\/span><span>heating and diesel oils<\/span><\/li>\n                        <li><span class=\"check-icon\">\u2705<\/span><span>molasses<\/span><\/li>\n                        <li><span class=\"check-icon\">\u2705<\/span><span>vegetable oil<\/span><\/li>\n                        <li><span class=\"check-icon\">\u2705<\/span><span>paraffin wax<\/span><\/li>\n                    <\/ul>\n                <\/div>\n            <\/div>\n\n            <div class=\"timeline-item\">\n                <div class=\"timeline-year\">End of the 1990s.<\/div>\n                <div class=\"timeline-content\">\n                    <h3>New direct handling services<\/h3>\n                    <ul class=\"timeline-list\">\n                        <li><span class=\"check-icon\">\u2705<\/span><span>base oils<\/span><\/li>\n                        <li><span class=\"check-icon\">\u2705<\/span><span>FAME biocomponents<\/span><\/li>\n                    <\/ul>\n                <\/div>\n            <\/div>\n\n            <div class=\"timeline-item\">\n                <div class=\"timeline-year\">2010 <span class=\"milestone-badge\">PERN Group<\/span><\/div>\n                <div class=\"timeline-content\">\n                    <p>???? <strong>Incorporation of the company into the PERN \"Przyja\u017a\u0144\" S.A. Capital Group.<\/strong> (August 2010)<\/p>\n                <\/div>\n            <\/div>\n\n            <div class=\"timeline-item current-activities\">\n                <div class=\"timeline-year\">Currently <span class=\"milestone-badge\">Industry leader<\/span><\/div>\n                <div class=\"timeline-content\">\n                    <h3>Business under the name: \"SIARKOPOL\" Gda\u0144sk S.A.<\/h3>\n                    <ul class=\"timeline-list\">\n                        <li><span class=\"check-icon\">\u2705<\/span><span>Investment in modernising infrastructure and protecting the environment<\/span><\/li>\n                        <li><span class=\"check-icon\">\u2705<\/span><span>Bulk and general cargo handling and storage<\/span><\/li>\n                        <li><span class=\"check-icon\">\u2705<\/span><span>Transshipment terminal and storage of liquid products<\/span><\/li>\n                        <li><span class=\"check-icon\">\u2705<\/span><span>Rail sidings and shunting services<\/span><\/li>\n                    <\/ul>\n                <\/div>\n            <\/div>\n        <\/div>\n    <\/div>\n<\/div><\/div>\n\n<\/div><\/div>","protected":false},"excerpt":{"rendered":"<p>SIARKOPOL Gda\u0144sk S.A. ma ponad 50-letni\u0105 histori\u0119 zwi\u0105zan\u0105 z prze\u0142adunkiem siarki i produkt\u00f3w chemicznych w Porcie Gda\u0144skim. Od rozpocz\u0119cia budowy w 1969 roku, poprzez dynamiczny rozw\u00f3j infrastruktury i rozszerzenie dzia\u0142alno\u015bci o nowe typy \u0142adunk\u00f3w, sp\u00f3\u0142ka przesz\u0142a liczne przekszta\u0142cenia, dostosowuj\u0105c si\u0119 do potrzeb rynku i zmieniaj\u0105cych si\u0119 reali\u00f3w gospodarczych. Dzi\u015b, jako cz\u0119\u015b\u0107 Grupy PERN, SIARKOPOL \u0142\u0105czy&#8230;<\/p>","protected":false},"author":2,"featured_media":0,"parent":29,"menu_order":0,"comment_status":"closed","ping_status":"closed","template":"","meta":{"_kad_blocks_custom_css":"","_kad_blocks_head_custom_js":"","_kad_blocks_body_custom_js":"","_kad_blocks_footer_custom_js":"","_kad_post_transparent":"","_kad_post_title":"","_kad_post_layout":"","_kad_post_sidebar_id":"","_kad_post_content_style":"","_kad_post_vertical_padding":"","_kad_post_feature":"","_kad_post_feature_position":"","_kad_post_header":false,"_kad_post_footer":false,"_kad_post_classname":"","footnotes":""},"class_list":["post-31","page","type-page","status-publish","hentry"],"taxonomy_info":[],"featured_image_src_large":false,"author_info":{"display_name":"Micha\u0142","author_link":"https:\/\/siarkopol.gda.pl\/en\/author\/michal\/"},"comment_info":0,"_links":{"self":[{"href":"https:\/\/siarkopol.gda.pl\/en\/wp-json\/wp\/v2\/pages\/31","targetHints":{"allow":["GET"]}}],"collection":[{"href":"https:\/\/siarkopol.gda.pl\/en\/wp-json\/wp\/v2\/pages"}],"about":[{"href":"https:\/\/siarkopol.gda.pl\/en\/wp-json\/wp\/v2\/types\/page"}],"author":[{"embeddable":true,"href":"https:\/\/siarkopol.gda.pl\/en\/wp-json\/wp\/v2\/users\/2"}],"replies":[{"embeddable":true,"href":"https:\/\/siarkopol.gda.pl\/en\/wp-json\/wp\/v2\/comments?post=31"}],"version-history":[{"count":2,"href":"https:\/\/siarkopol.gda.pl\/en\/wp-json\/wp\/v2\/pages\/31\/revisions"}],"predecessor-version":[{"id":485,"href":"https:\/\/siarkopol.gda.pl\/en\/wp-json\/wp\/v2\/pages\/31\/revisions\/485"}],"up":[{"embeddable":true,"href":"https:\/\/siarkopol.gda.pl\/en\/wp-json\/wp\/v2\/pages\/29"}],"wp:attachment":[{"href":"https:\/\/siarkopol.gda.pl\/en\/wp-json\/wp\/v2\/media?parent=31"}],"curies":[{"name":"wp","href":"https:\/\/api.w.org\/{rel}","templated":true}]}}