{"id":33,"date":"2025-06-04T07:54:37","date_gmt":"2025-06-04T05:54:37","guid":{"rendered":"https:\/\/siarkopol.gda.pl\/?page_id=33"},"modified":"2026-02-03T09:45:46","modified_gmt":"2026-02-03T08:45:46","slug":"management","status":"publish","type":"page","link":"https:\/\/siarkopol.gda.pl\/en\/o-nas\/zarzad\/","title":{"rendered":"Management"},"content":{"rendered":"<style>.kb-row-layout-id33_08591c-3a > .kt-row-column-wrap{align-content:start;}:where(.kb-row-layout-id33_08591c-3a > .kt-row-column-wrap) > .wp-block-kadence-column{justify-content:start;}.kb-row-layout-id33_08591c-3a > .kt-row-column-wrap{column-gap:var(--global-kb-gap-md, 2rem);row-gap:var(--global-kb-gap-md, 2rem);max-width:var( --global-content-width, 1450px );padding-left:var(--global-content-edge-padding);padding-right:var(--global-content-edge-padding);padding-top:var(--global-kb-spacing-xl, 4rem);padding-bottom:var(--global-kb-spacing-3xl, 6.5rem);grid-template-columns:minmax(0, 1fr);}.kb-row-layout-id33_08591c-3a > .kt-row-layout-overlay{opacity:0.30;}@media all and (max-width: 1024px){.kb-row-layout-id33_08591c-3a > .kt-row-column-wrap{grid-template-columns:minmax(0, 1fr);}}@media all and (max-width: 767px){.kb-row-layout-id33_08591c-3a > .kt-row-column-wrap{grid-template-columns:minmax(0, 1fr);}}<\/style><div class=\"kb-row-layout-wrap kb-row-layout-id33_08591c-3a alignnone wp-block-kadence-rowlayout\"><div class=\"kt-row-column-wrap kt-has-1-columns kt-row-layout-equal kt-tab-layout-inherit kt-mobile-layout-row kt-row-valign-top kb-theme-content-width\">\n<style>.kadence-column33_f49e93-4f > .kt-inside-inner-col,.kadence-column33_f49e93-4f > .kt-inside-inner-col:before{border-top-left-radius:0px;border-top-right-radius:0px;border-bottom-right-radius:0px;border-bottom-left-radius:0px;}.kadence-column33_f49e93-4f > .kt-inside-inner-col{column-gap:var(--global-kb-gap-sm, 1rem);}.kadence-column33_f49e93-4f > .kt-inside-inner-col{flex-direction:column;}.kadence-column33_f49e93-4f > .kt-inside-inner-col > .aligncenter{width:100%;}.kadence-column33_f49e93-4f > .kt-inside-inner-col:before{opacity:0.3;}.kadence-column33_f49e93-4f{position:relative;}@media all and (max-width: 1024px){.kadence-column33_f49e93-4f > .kt-inside-inner-col{flex-direction:column;justify-content:center;}}@media all and (max-width: 767px){.kadence-column33_f49e93-4f > .kt-inside-inner-col{flex-direction:column;justify-content:center;}}<\/style>\n<div class=\"wp-block-kadence-column kadence-column33_f49e93-4f\"><div class=\"kt-inside-inner-col\">\n<p>Board composition:<\/p>\n\n\n\n<h2 class=\"wp-block-heading\">Tomasz Rypniewski - President of the Management Board<\/h2>\n\n\n\n<p>Tomasz Rypniewski holds the position of President of the Management Board of \u201eSIARKOPOL\u201d Gda\u0144sk S.A. He is responsible for managing the Company's operational activities, supervising the implementation of investments and cooperation with business and institutional partners. The overriding objective of the Management Board is to develop the Company in accordance with the needs of the market and the high standards of the transshipment industry<\/p>\n\n\n\n<h3 class=\"wp-block-heading\">Professionalism and vision for development<\/h3>\n\n\n\n<p>The objective of the management of \"SIARKOPOL\" Gda\u0144sk S.A. is the continuous development of port services, taking into account the highest operational, safety and environmental standards. The Company invests in infrastructure, digitisation of processes and new technologies to meet the challenges of the market and the expectations of contractors.<\/p>\n<\/div><\/div>\n\n<\/div><\/div>","protected":false},"excerpt":{"rendered":"<p>Sk\u0142ad Zarz\u0105du: Tomasz Rypniewski \u2013 Prezes Zarz\u0105du Tomasz Rypniewski pe\u0142ni funkcj\u0119 Prezesa Zarz\u0105du \u201eSIARKOPOL\u201d Gda\u0144sk S.A. Odpowiada za zarz\u0105dzanie dzia\u0142alno\u015bci\u0105 operacyjn\u0105 Sp\u00f3\u0142ki, nadz\u00f3r nad realizacj\u0105 inwestycji oraz wsp\u00f3\u0142prac\u0119 z partnerami biznesowymi i instytucjonalnymi. Nadrz\u0119dnym celem zarz\u0105du jest rozw\u00f3j sp\u00f3\u0142ki w zgodzie z potrzebami rynku i wysokimi standardami bran\u017cy prze\u0142adunkowej Profesjonalizm i wizja rozwoju Celem zarz\u0105du&#8230;<\/p>","protected":false},"author":2,"featured_media":0,"parent":29,"menu_order":0,"comment_status":"closed","ping_status":"closed","template":"","meta":{"_kad_blocks_custom_css":"","_kad_blocks_head_custom_js":"","_kad_blocks_body_custom_js":"","_kad_blocks_footer_custom_js":"","_kad_post_transparent":"","_kad_post_title":"","_kad_post_layout":"","_kad_post_sidebar_id":"","_kad_post_content_style":"","_kad_post_vertical_padding":"","_kad_post_feature":"","_kad_post_feature_position":"","_kad_post_header":false,"_kad_post_footer":false,"_kad_post_classname":"","footnotes":""},"class_list":["post-33","page","type-page","status-publish","hentry"],"taxonomy_info":[],"featured_image_src_large":false,"author_info":{"display_name":"Micha\u0142","author_link":"https:\/\/siarkopol.gda.pl\/en\/author\/michal\/"},"comment_info":0,"_links":{"self":[{"href":"https:\/\/siarkopol.gda.pl\/en\/wp-json\/wp\/v2\/pages\/33","targetHints":{"allow":["GET"]}}],"collection":[{"href":"https:\/\/siarkopol.gda.pl\/en\/wp-json\/wp\/v2\/pages"}],"about":[{"href":"https:\/\/siarkopol.gda.pl\/en\/wp-json\/wp\/v2\/types\/page"}],"author":[{"embeddable":true,"href":"https:\/\/siarkopol.gda.pl\/en\/wp-json\/wp\/v2\/users\/2"}],"replies":[{"embeddable":true,"href":"https:\/\/siarkopol.gda.pl\/en\/wp-json\/wp\/v2\/comments?post=33"}],"version-history":[{"count":2,"href":"https:\/\/siarkopol.gda.pl\/en\/wp-json\/wp\/v2\/pages\/33\/revisions"}],"predecessor-version":[{"id":545,"href":"https:\/\/siarkopol.gda.pl\/en\/wp-json\/wp\/v2\/pages\/33\/revisions\/545"}],"up":[{"embeddable":true,"href":"https:\/\/siarkopol.gda.pl\/en\/wp-json\/wp\/v2\/pages\/29"}],"wp:attachment":[{"href":"https:\/\/siarkopol.gda.pl\/en\/wp-json\/wp\/v2\/media?parent=33"}],"curies":[{"name":"wp","href":"https:\/\/api.w.org\/{rel}","templated":true}]}}