{"id":43,"date":"2025-06-04T07:55:34","date_gmt":"2025-06-04T05:55:34","guid":{"rendered":"https:\/\/siarkopol.gda.pl\/?page_id=43"},"modified":"2025-06-23T10:20:25","modified_gmt":"2025-06-23T08:20:25","slug":"contact","status":"publish","type":"page","link":"https:\/\/siarkopol.gda.pl\/en\/kontakt\/","title":{"rendered":"Contact"},"content":{"rendered":"<style>.kb-row-layout-id43_dbbc61-7a > .kt-row-column-wrap{align-content:start;}:where(.kb-row-layout-id43_dbbc61-7a > .kt-row-column-wrap) > .wp-block-kadence-column{justify-content:start;}.kb-row-layout-id43_dbbc61-7a > .kt-row-column-wrap{column-gap:var(--global-kb-gap-md, 2rem);row-gap:var(--global-kb-gap-md, 2rem);max-width:var( --global-content-width, 1450px );padding-left:var(--global-content-edge-padding);padding-right:var(--global-content-edge-padding);padding-top:var(--global-kb-spacing-xl, 4rem);padding-bottom:var(--global-kb-spacing-3xl, 6.5rem);grid-template-columns:repeat(2, minmax(0, 1fr));}.kb-row-layout-id43_dbbc61-7a > .kt-row-layout-overlay{opacity:0.10;background:linear-gradient(135deg,var(--global-palette8) 0%,var(--global-palette9) 100%);mix-blend-mode:normal;}@media all and (max-width: 1024px){.kb-row-layout-id43_dbbc61-7a > .kt-row-column-wrap{grid-template-columns:repeat(2, minmax(0, 1fr));}}@media all and (max-width: 767px){.kb-row-layout-id43_dbbc61-7a > .kt-row-column-wrap{grid-template-columns:minmax(0, 1fr);}}<\/style><div class=\"kb-row-layout-wrap kb-row-layout-id43_dbbc61-7a alignnone kt-row-has-bg wp-block-kadence-rowlayout\"><div class=\"kt-row-layout-overlay kt-row-overlay-gradient\"><\/div><div class=\"kt-row-column-wrap kt-has-2-columns kt-row-layout-equal kt-tab-layout-inherit kt-mobile-layout-row kt-row-valign-top kb-theme-content-width\">\n<style>.kadence-column43_822764-df > .kt-inside-inner-col,.kadence-column43_822764-df > .kt-inside-inner-col:before{border-top-left-radius:0px;border-top-right-radius:0px;border-bottom-right-radius:0px;border-bottom-left-radius:0px;}.kadence-column43_822764-df > .kt-inside-inner-col{column-gap:var(--global-kb-gap-sm, 1rem);}.kadence-column43_822764-df > .kt-inside-inner-col{flex-direction:column;}.kadence-column43_822764-df > .kt-inside-inner-col > .aligncenter{width:100%;}.kadence-column43_822764-df > .kt-inside-inner-col:before{opacity:0.3;}.kadence-column43_822764-df{position:relative;}@media all and (max-width: 1024px){.kadence-column43_822764-df > .kt-inside-inner-col{flex-direction:column;justify-content:center;}}@media all and (max-width: 767px){.kadence-column43_822764-df > .kt-inside-inner-col{flex-direction:column;justify-content:center;}}<\/style>\n<div class=\"wp-block-kadence-column kadence-column43_822764-df\"><div class=\"kt-inside-inner-col\"><style>.wp-block-kadence-advancedheading.kt-adv-heading43_8ff97c-b7, .wp-block-kadence-advancedheading.kt-adv-heading43_8ff97c-b7[data-kb-block=\"kb-adv-heading43_8ff97c-b7\"]{font-style:normal;}.wp-block-kadence-advancedheading.kt-adv-heading43_8ff97c-b7 mark.kt-highlight, .wp-block-kadence-advancedheading.kt-adv-heading43_8ff97c-b7[data-kb-block=\"kb-adv-heading43_8ff97c-b7\"] mark.kt-highlight{font-style:normal;color:#f76a0c;-webkit-box-decoration-break:clone;box-decoration-break:clone;padding-top:0px;padding-right:0px;padding-bottom:0px;padding-left:0px;}.wp-block-kadence-advancedheading.kt-adv-heading43_8ff97c-b7 img.kb-inline-image, .wp-block-kadence-advancedheading.kt-adv-heading43_8ff97c-b7[data-kb-block=\"kb-adv-heading43_8ff97c-b7\"] img.kb-inline-image{width:150px;vertical-align:baseline;}<\/style>\n<h2 class=\"kt-adv-heading43_8ff97c-b7 wp-block-kadence-advancedheading\" data-kb-block=\"kb-adv-heading43_8ff97c-b7\"><strong>\u201eSIARKOPOL\u201d Gda\u0144sk S.A.<\/strong><\/h2>\n\n\n\n<p><strong>80-601 GDA\u0143SK, ul. Mjr. H. Sucharskiego 12<br>GRUPA PERN<\/strong><\/p>\n\n\n<style>.kadence-column43_0df427-94 > .kt-inside-inner-col{padding-bottom:var(--global-kb-spacing-sm, 1.5rem);}.kadence-column43_0df427-94 > .kt-inside-inner-col,.kadence-column43_0df427-94 > .kt-inside-inner-col:before{border-top-left-radius:0px;border-top-right-radius:0px;border-bottom-right-radius:0px;border-bottom-left-radius:0px;}.kadence-column43_0df427-94 > .kt-inside-inner-col{column-gap:var(--global-kb-gap-sm, 1rem);}.kadence-column43_0df427-94 > .kt-inside-inner-col{flex-direction:column;}.kadence-column43_0df427-94 > .kt-inside-inner-col > .aligncenter{width:100%;}.kadence-column43_0df427-94 > .kt-inside-inner-col:before{opacity:0.3;}.kadence-column43_0df427-94{position:relative;}@media all and (max-width: 1024px){.kadence-column43_0df427-94 > .kt-inside-inner-col{flex-direction:column;justify-content:center;}}@media all and (max-width: 767px){.kadence-column43_0df427-94 > .kt-inside-inner-col{flex-direction:column;justify-content:center;}}<\/style>\n<div class=\"wp-block-kadence-column kadence-column43_0df427-94\"><div class=\"kt-inside-inner-col\">\n<a\n  class=\"kb-button kt-button button kt-btn-size-small kt-btn-width-type-auto kb-btn-global-outline kt-btn-has-text-true kt-btn-has-svg-false wp-block-kadence-singlebtn\"\n  href=\"#\"\n  onclick=\"redirectToMap(event)\"\n  rel=\"nofollow noopener\"\n  target=\"_blank\"\n>\n  <span class=\"kt-btn-inner-text\">Wyznacz dojazd<\/span>\n<\/a>\n\n<script>\n  function redirectToMap(event) {\n    event.preventDefault();\n    const address = encodeURIComponent('SIARKOPOL Gda\u0144sk S.A., mjr. Henryka Sucharskiego 12, Gda\u0144sk');\n    const isIOS = \/iPhone|iPad|iPod\/i.test(navigator.userAgent);\n    const url = isIOS\n      ? `http:\/\/maps.apple.com\/?daddr=${address}`\n      : `https:\/\/www.google.com\/maps\/dir\/?api=1&destination=${address}`;\n    window.open(url, '_blank');\n  }\n<\/script>\n<\/div><\/div>\n\n\n\n<p><strong>ZARZ\u0104D<\/strong><br><a href=\"mailto:zarzad@siarkopol.gda.pl\">zarzad@siarkopol.gda.pl<\/a><br>tel.:\u00a0<a href=\"tel:(+4858)5552400\">(+48 58) 555 24 00<\/a><\/p>\n\n\n\n<p><strong>DYSPOZYTOR<\/strong><br><a href=\"mailto:dyspozytor@siarkopol.gda.pl\">dyspozytor@siarkopol.gda.pl<\/a><br>tel.:\u00a0<a href=\"tel:(+4858)5552450\">(+48 58) 555 24 50<\/a><\/p>\n\n\n\n<p><strong>Dzia\u0142 Spedycyjno \u2013 Handlowy<\/strong><br><a href=\"mailto:spedycja@siarkopol.gda.pl\">spedycja@siarkopol.gda.pl<\/a><br>tel.:&nbsp;<a href=\"tel:(+4858)5552408\">(+48 58) 555 24 08<\/a><br>tel.: (+48 58) 555 24 18<\/p>\n\n\n\n<p>Sp\u00f3\u0142ka zarejestrowana w S\u0105dzie Rejonowym Gda\u0144sk-P\u00f3\u0142noc w Gda\u0144sku<br>VII Wydzia\u0142 Gospodarczy pod numerem KRS 0000045354<br>Kapita\u0142 zak\u0142adowy (wp\u0142acony): 52.245.000,00 z\u0142<br>REGON: 190555377 NIP: 5830001126<\/p>\n<\/div><\/div>\n\n\n<style>.kadence-column43_7e6e96-93 > .kt-inside-inner-col,.kadence-column43_7e6e96-93 > .kt-inside-inner-col:before{border-top-left-radius:0px;border-top-right-radius:0px;border-bottom-right-radius:0px;border-bottom-left-radius:0px;}.kadence-column43_7e6e96-93 > .kt-inside-inner-col{column-gap:var(--global-kb-gap-sm, 1rem);}.kadence-column43_7e6e96-93 > .kt-inside-inner-col{flex-direction:column;}.kadence-column43_7e6e96-93 > .kt-inside-inner-col > .aligncenter{width:100%;}.kadence-column43_7e6e96-93 > .kt-inside-inner-col:before{opacity:0.3;}.kadence-column43_7e6e96-93{position:relative;}@media all and (max-width: 1024px){.kadence-column43_7e6e96-93 > .kt-inside-inner-col{flex-direction:column;justify-content:center;}}@media all and (max-width: 767px){.kadence-column43_7e6e96-93 > .kt-inside-inner-col{flex-direction:column;justify-content:center;}}<\/style>\n<div class=\"wp-block-kadence-column kadence-column43_7e6e96-93\"><div class=\"kt-inside-inner-col\"><style>.kb-google-maps-container43_393e01-80{height:550px;}<\/style><div class=\"kb-google-maps-container kb-google-maps-container43_393e01-80  wp-block-kadence-googlemaps\" data-mapid=\"43_393e0180\"><iframe width=\"100%\" height=\"100%\"\n\t\t\t\t\t\t\tstyle=\"border:0\" loading=\"lazy\"\n\t\t\t\t\t\t\tsrc=\"https:\/\/www.google.com\/maps\/embed\/v1\/place?key=AIzaSyBAM2o7PiQqwk15LC1XRH2e_KJ-jUa7KYk&#038;zoom=13&#038;maptype=roadmap&#038;q=%E2%80%9ESiarkopol%E2%80%9D+Gda%C5%84sk+S.A.\"\n\t\t\t\t\t\t\ttitle=\"Google map of \u201eSiarkopol\u201d Gda\u0144sk S.A.\"><\/iframe><\/div><script>function kb_google_map43_393e0180() { let center = { lat: 37.8201, lng: -122.4781}; let map = new google.maps.Map(document.getElementById(\"kb-google-map43_393e0180\"), {\n\t\t\t\t\t    zoom: 13,\n\t\t\t\t\t    center: center,});let marker = new google.maps.Marker({   position: { lat: 37.8201, lng: -122.4781},    map: map,  });}<\/script><\/div><\/div>\n\n<\/div><\/div>","protected":false},"excerpt":{"rendered":"<p>\u201eSIARKOPOL\u201d Gda\u0144sk S.A. 80-601 GDA\u0143SK, ul. Mjr. H. Sucharskiego 12GRUPA PERN Wyznacz dojazd ZARZ\u0104Dzarzad@siarkopol.gda.pltel.:\u00a0(+48 58) 555 24 00 DYSPOZYTORdyspozytor@siarkopol.gda.pltel.:\u00a0(+48 58) 555 24 50 Dzia\u0142 Spedycyjno \u2013 Handlowyspedycja@siarkopol.gda.pltel.:&nbsp;(+48 58) 555 24 08tel.: (+48 58) 555 24 18 Sp\u00f3\u0142ka zarejestrowana w S\u0105dzie Rejonowym Gda\u0144sk-P\u00f3\u0142noc w Gda\u0144skuVII Wydzia\u0142 Gospodarczy pod numerem KRS 0000045354Kapita\u0142 zak\u0142adowy (wp\u0142acony): 52.245.000,00 z\u0142REGON: 190555377&#8230;<\/p>","protected":false},"author":2,"featured_media":0,"parent":0,"menu_order":0,"comment_status":"closed","ping_status":"closed","template":"","meta":{"_kad_blocks_custom_css":"","_kad_blocks_head_custom_js":"","_kad_blocks_body_custom_js":"","_kad_blocks_footer_custom_js":"","_kad_post_transparent":"","_kad_post_title":"","_kad_post_layout":"","_kad_post_sidebar_id":"","_kad_post_content_style":"","_kad_post_vertical_padding":"","_kad_post_feature":"","_kad_post_feature_position":"","_kad_post_header":false,"_kad_post_footer":false,"_kad_post_classname":"","footnotes":""},"class_list":["post-43","page","type-page","status-publish","hentry"],"taxonomy_info":[],"featured_image_src_large":false,"author_info":{"display_name":"Micha\u0142","author_link":"https:\/\/siarkopol.gda.pl\/en\/author\/michal\/"},"comment_info":0,"_links":{"self":[{"href":"https:\/\/siarkopol.gda.pl\/en\/wp-json\/wp\/v2\/pages\/43","targetHints":{"allow":["GET"]}}],"collection":[{"href":"https:\/\/siarkopol.gda.pl\/en\/wp-json\/wp\/v2\/pages"}],"about":[{"href":"https:\/\/siarkopol.gda.pl\/en\/wp-json\/wp\/v2\/types\/page"}],"author":[{"embeddable":true,"href":"https:\/\/siarkopol.gda.pl\/en\/wp-json\/wp\/v2\/users\/2"}],"replies":[{"embeddable":true,"href":"https:\/\/siarkopol.gda.pl\/en\/wp-json\/wp\/v2\/comments?post=43"}],"version-history":[{"count":9,"href":"https:\/\/siarkopol.gda.pl\/en\/wp-json\/wp\/v2\/pages\/43\/revisions"}],"predecessor-version":[{"id":483,"href":"https:\/\/siarkopol.gda.pl\/en\/wp-json\/wp\/v2\/pages\/43\/revisions\/483"}],"wp:attachment":[{"href":"https:\/\/siarkopol.gda.pl\/en\/wp-json\/wp\/v2\/media?parent=43"}],"curies":[{"name":"wp","href":"https:\/\/api.w.org\/{rel}","templated":true}]}}