{"id":47,"date":"2025-06-04T07:56:19","date_gmt":"2025-06-04T05:56:19","guid":{"rendered":"https:\/\/siarkopol.gda.pl\/?page_id=47"},"modified":"2025-06-23T10:26:43","modified_gmt":"2025-06-23T08:26:43","slug":"comprehensive-rail-transport-services","status":"publish","type":"page","link":"https:\/\/siarkopol.gda.pl\/en\/uslugi\/kompleksowa-obsluga-transportu-kolejowego\/","title":{"rendered":"Comprehensive rail transport service"},"content":{"rendered":"<style>.kb-row-layout-id47_a68cc3-78 > .kt-row-column-wrap{align-content:start;}:where(.kb-row-layout-id47_a68cc3-78 > .kt-row-column-wrap) > .wp-block-kadence-column{justify-content:start;}.kb-row-layout-id47_a68cc3-78 > .kt-row-column-wrap{column-gap:var(--global-kb-gap-md, 2rem);row-gap:var(--global-kb-gap-md, 2rem);max-width:var( --global-content-width, 1450px );padding-left:var(--global-content-edge-padding);padding-right:var(--global-content-edge-padding);padding-top:var(--global-kb-spacing-xl, 4rem);padding-bottom:var(--global-kb-spacing-lg, 3rem);grid-template-columns:minmax(0, 1fr);}.kb-row-layout-id47_a68cc3-78 > .kt-row-layout-overlay{opacity:0.30;}@media all and (max-width: 1024px){.kb-row-layout-id47_a68cc3-78 > .kt-row-column-wrap{grid-template-columns:minmax(0, 1fr);}}@media all and (max-width: 767px){.kb-row-layout-id47_a68cc3-78 > .kt-row-column-wrap{grid-template-columns:minmax(0, 1fr);}}<\/style><div class=\"kb-row-layout-wrap kb-row-layout-id47_a68cc3-78 alignnone wp-block-kadence-rowlayout\"><div class=\"kt-row-column-wrap kt-has-1-columns kt-row-layout-equal kt-tab-layout-inherit kt-mobile-layout-row kt-row-valign-top kb-theme-content-width\">\n<style>.kadence-column47_bad1b9-f6 > .kt-inside-inner-col,.kadence-column47_bad1b9-f6 > .kt-inside-inner-col:before{border-top-left-radius:0px;border-top-right-radius:0px;border-bottom-right-radius:0px;border-bottom-left-radius:0px;}.kadence-column47_bad1b9-f6 > .kt-inside-inner-col{column-gap:var(--global-kb-gap-sm, 1rem);}.kadence-column47_bad1b9-f6 > .kt-inside-inner-col{flex-direction:column;}.kadence-column47_bad1b9-f6 > .kt-inside-inner-col > .aligncenter{width:100%;}.kadence-column47_bad1b9-f6 > .kt-inside-inner-col:before{opacity:0.3;}.kadence-column47_bad1b9-f6{position:relative;}@media all and (max-width: 1024px){.kadence-column47_bad1b9-f6 > .kt-inside-inner-col{flex-direction:column;justify-content:center;}}@media all and (max-width: 767px){.kadence-column47_bad1b9-f6 > .kt-inside-inner-col{flex-direction:column;justify-content:center;}}<\/style>\n<div class=\"wp-block-kadence-column kadence-column47_bad1b9-f6\"><div class=\"kt-inside-inner-col\"><style>.wp-block-kadence-advancedheading.kt-adv-heading47_74a9db-de, .wp-block-kadence-advancedheading.kt-adv-heading47_74a9db-de[data-kb-block=\"kb-adv-heading47_74a9db-de\"]{font-style:normal;}.wp-block-kadence-advancedheading.kt-adv-heading47_74a9db-de mark.kt-highlight, .wp-block-kadence-advancedheading.kt-adv-heading47_74a9db-de[data-kb-block=\"kb-adv-heading47_74a9db-de\"] mark.kt-highlight{font-style:normal;color:#f76a0c;-webkit-box-decoration-break:clone;box-decoration-break:clone;padding-top:0px;padding-right:0px;padding-bottom:0px;padding-left:0px;}.wp-block-kadence-advancedheading.kt-adv-heading47_74a9db-de img.kb-inline-image, .wp-block-kadence-advancedheading.kt-adv-heading47_74a9db-de[data-kb-block=\"kb-adv-heading47_74a9db-de\"] img.kb-inline-image{width:150px;vertical-align:baseline;}<\/style>\n<h2 class=\"kt-adv-heading47_74a9db-de wp-block-kadence-advancedheading\" data-kb-block=\"kb-adv-heading47_74a9db-de\"><strong>BOCZNICA KOLEJOWA I US\u0141UGI MANEWROWE<\/strong><\/h2>\n\n\n\n<p>W ramach wsp\u00f3\u0142pracy z naszymi kontrahentami wszystkie operacje manewrowe, w tym odbi\u00f3r i zdanie sk\u0142ad\u00f3w z tor\u00f3w zdawczo-odbiorczych na stacji Gda\u0144sk Port P\u00f3\u0142nocny na bocznic\u0119 kolejow\u0105 SIARKOPOLU, realizowane s\u0105 przy pomocy lokomotyw oraz dru\u017cyny manewrowej \u201eSIARKOPOL\u201d Gda\u0144sk S.A. W ramach obs\u0142ugi kolejowej oferujemy:<\/p>\n<\/div><\/div>\n\n<\/div><\/div>\n\n<style>.kb-row-layout-id47_d30730-58 > .kt-row-column-wrap{align-content:start;}:where(.kb-row-layout-id47_d30730-58 > .kt-row-column-wrap) > .wp-block-kadence-column{justify-content:start;}.kb-row-layout-id47_d30730-58 > .kt-row-column-wrap{column-gap:var(--global-kb-gap-md, 2rem);row-gap:var(--global-kb-gap-md, 2rem);max-width:var( --global-content-width, 1450px );padding-left:var(--global-content-edge-padding);padding-right:var(--global-content-edge-padding);padding-top:var(--global-kb-spacing-xl, 4rem);padding-bottom:var(--global-kb-spacing-3xl, 6.5rem);grid-template-columns:repeat(2, minmax(0, 1fr));}.kb-row-layout-id47_d30730-58 > .kt-row-layout-overlay{opacity:0.30;}@media all and (max-width: 1024px){.kb-row-layout-id47_d30730-58 > .kt-row-column-wrap{grid-template-columns:repeat(2, minmax(0, 1fr));}}@media all and (max-width: 767px){.kb-row-layout-id47_d30730-58 > .kt-row-column-wrap{grid-template-columns:minmax(0, 1fr);}}<\/style><div class=\"kb-row-layout-wrap kb-row-layout-id47_d30730-58 alignnone lista wp-block-kadence-rowlayout\"><div class=\"kt-row-column-wrap kt-has-2-columns kt-row-layout-equal kt-tab-layout-inherit kt-mobile-layout-row kt-row-valign-top kb-theme-content-width\">\n<style>.kadence-column47_52dc41-78 > .kt-inside-inner-col{display:flex;}.kadence-column47_52dc41-78 > .kt-inside-inner-col,.kadence-column47_52dc41-78 > .kt-inside-inner-col:before{border-top-left-radius:0px;border-top-right-radius:0px;border-bottom-right-radius:0px;border-bottom-left-radius:0px;}.kadence-column47_52dc41-78 > .kt-inside-inner-col{column-gap:var(--global-kb-gap-sm, 1rem);}.kadence-column47_52dc41-78 > .kt-inside-inner-col{flex-direction:column;justify-content:center;}.kadence-column47_52dc41-78 > .kt-inside-inner-col > .aligncenter{width:100%;}.kt-row-column-wrap > .kadence-column47_52dc41-78{align-self:center;}.kt-inner-column-height-full:not(.kt-has-1-columns) > .wp-block-kadence-column.kadence-column47_52dc41-78{align-self:auto;}.kt-inner-column-height-full:not(.kt-has-1-columns) > .wp-block-kadence-column.kadence-column47_52dc41-78 > .kt-inside-inner-col{flex-direction:column;justify-content:center;}.kadence-column47_52dc41-78 > .kt-inside-inner-col:before{opacity:0.3;}.kadence-column47_52dc41-78{position:relative;}@media all and (max-width: 1024px){.kt-row-column-wrap > .kadence-column47_52dc41-78{align-self:center;}}@media all and (max-width: 1024px){.kt-inner-column-height-full:not(.kt-has-1-columns) > .wp-block-kadence-column.kadence-column47_52dc41-78{align-self:auto;}}@media all and (max-width: 1024px){.kt-inner-column-height-full:not(.kt-has-1-columns) > .wp-block-kadence-column.kadence-column47_52dc41-78 > .kt-inside-inner-col{flex-direction:column;justify-content:center;}}@media all and (max-width: 1024px){.kadence-column47_52dc41-78 > .kt-inside-inner-col{flex-direction:column;justify-content:center;}}@media all and (max-width: 767px){.kt-row-column-wrap > .kadence-column47_52dc41-78{align-self:center;}.kt-inner-column-height-full:not(.kt-has-1-columns) > .wp-block-kadence-column.kadence-column47_52dc41-78{align-self:auto;}.kt-inner-column-height-full:not(.kt-has-1-columns) > .wp-block-kadence-column.kadence-column47_52dc41-78 > .kt-inside-inner-col{flex-direction:column;justify-content:center;}.kadence-column47_52dc41-78 > .kt-inside-inner-col{flex-direction:column;justify-content:center;}}<\/style>\n<div class=\"wp-block-kadence-column kadence-column47_52dc41-78\" data-aos=\"fade-up-right\"><div class=\"kt-inside-inner-col\"><style>.wp-block-kadence-advancedheading.kt-adv-heading47_770dec-1a, .wp-block-kadence-advancedheading.kt-adv-heading47_770dec-1a[data-kb-block=\"kb-adv-heading47_770dec-1a\"]{font-style:normal;}.wp-block-kadence-advancedheading.kt-adv-heading47_770dec-1a mark.kt-highlight, .wp-block-kadence-advancedheading.kt-adv-heading47_770dec-1a[data-kb-block=\"kb-adv-heading47_770dec-1a\"] mark.kt-highlight{font-style:normal;color:#f76a0c;-webkit-box-decoration-break:clone;box-decoration-break:clone;padding-top:0px;padding-right:0px;padding-bottom:0px;padding-left:0px;}.wp-block-kadence-advancedheading.kt-adv-heading47_770dec-1a img.kb-inline-image, .wp-block-kadence-advancedheading.kt-adv-heading47_770dec-1a[data-kb-block=\"kb-adv-heading47_770dec-1a\"] img.kb-inline-image{width:150px;vertical-align:baseline;}<\/style>\n<h2 class=\"kt-adv-heading47_770dec-1a h2-minimal wp-block-kadence-advancedheading\" data-kb-block=\"kb-adv-heading47_770dec-1a\">W ramach obs\u0142ugi kolejowej oferujemy:<\/h2>\n\n\n\n<ul class=\"wp-block-list\">\n<li>Mo\u017cliwo\u015b\u0107 odstawienia wagon\u00f3w na bocznic\u0119 kolejow\u0105 o aktualnej \u0142\u0105cznej d\u0142ugo\u015bci 7&nbsp;500 m u\u017cytecznych tor\u00f3w (z mo\u017cliwo\u015bci\u0105 rozbudowy do 10&nbsp;500 m)<\/li>\n\n\n\n<li>Us\u0142ugi manewrowe Last mile w obr\u0119bie bocznicy kolejowej \u201eSIARKOPOL\u201d Gda\u0144sk S.A.<\/li>\n\n\n\n<li>Udost\u0119pnienie stanowiska do napraw, tankowania i przegl\u0105d\u00f3w lokomotyw w zadaszonej lokomotywowni wraz z kana\u0142em<\/li>\n\n\n\n<li>Miejsca do napraw taboru, wymiany w\u00f3zk\u00f3w i innych (zakres prac po do konsultacji)<\/li>\n\n\n\n<li>Czyszczenie i wsparcie w przygotowaniu wagon\u00f3w pod prze\u0142adunki kolejnych towar\u00f3w<\/li>\n<\/ul>\n<\/div><\/div>\n\n\n<style>.kadence-column47_cacada-8c > .kt-inside-inner-col{display:flex;}.kadence-column47_cacada-8c > .kt-inside-inner-col,.kadence-column47_cacada-8c > .kt-inside-inner-col:before{border-top-left-radius:0px;border-top-right-radius:0px;border-bottom-right-radius:0px;border-bottom-left-radius:0px;}.kadence-column47_cacada-8c > .kt-inside-inner-col{column-gap:var(--global-kb-gap-sm, 1rem);}.kadence-column47_cacada-8c > .kt-inside-inner-col{flex-direction:column;justify-content:flex-start;}.kadence-column47_cacada-8c > .kt-inside-inner-col > .aligncenter{width:100%;}.kt-row-column-wrap > .kadence-column47_cacada-8c{align-self:flex-start;}.kt-inner-column-height-full:not(.kt-has-1-columns) > .wp-block-kadence-column.kadence-column47_cacada-8c{align-self:auto;}.kt-inner-column-height-full:not(.kt-has-1-columns) > .wp-block-kadence-column.kadence-column47_cacada-8c > .kt-inside-inner-col{flex-direction:column;justify-content:flex-start;}.kadence-column47_cacada-8c > .kt-inside-inner-col:before{opacity:0.3;}.kadence-column47_cacada-8c{position:relative;}@media all and (max-width: 1024px){.kt-row-column-wrap > .kadence-column47_cacada-8c{align-self:flex-start;}}@media all and (max-width: 1024px){.kt-inner-column-height-full:not(.kt-has-1-columns) > .wp-block-kadence-column.kadence-column47_cacada-8c{align-self:auto;}}@media all and (max-width: 1024px){.kt-inner-column-height-full:not(.kt-has-1-columns) > .wp-block-kadence-column.kadence-column47_cacada-8c > .kt-inside-inner-col{flex-direction:column;justify-content:flex-start;}}@media all and (max-width: 1024px){.kadence-column47_cacada-8c > .kt-inside-inner-col{flex-direction:column;justify-content:flex-start;}}@media all and (max-width: 767px){.kt-row-column-wrap > .kadence-column47_cacada-8c{align-self:flex-start;}.kt-inner-column-height-full:not(.kt-has-1-columns) > .wp-block-kadence-column.kadence-column47_cacada-8c{align-self:auto;}.kt-inner-column-height-full:not(.kt-has-1-columns) > .wp-block-kadence-column.kadence-column47_cacada-8c > .kt-inside-inner-col{flex-direction:column;justify-content:flex-start;}.kadence-column47_cacada-8c > .kt-inside-inner-col{flex-direction:column;justify-content:flex-start;}}<\/style>\n<div class=\"wp-block-kadence-column kadence-column47_cacada-8c\"><div class=\"kt-inside-inner-col\"><style>.kadence-column47_d8187b-a6 > .kt-inside-inner-col,.kadence-column47_d8187b-a6 > .kt-inside-inner-col:before{border-top-left-radius:0px;border-top-right-radius:0px;border-bottom-right-radius:0px;border-bottom-left-radius:0px;}.kadence-column47_d8187b-a6 > .kt-inside-inner-col{column-gap:var(--global-kb-gap-sm, 1rem);}.kadence-column47_d8187b-a6 > .kt-inside-inner-col{flex-direction:column;}.kadence-column47_d8187b-a6 > .kt-inside-inner-col > .aligncenter{width:100%;}.kadence-column47_d8187b-a6 > .kt-inside-inner-col:before{opacity:0.3;}.kadence-column47_d8187b-a6{position:relative;}@media all and (max-width: 1024px){.kadence-column47_d8187b-a6 > .kt-inside-inner-col{flex-direction:column;justify-content:center;}}@media all and (max-width: 767px){.kadence-column47_d8187b-a6 > .kt-inside-inner-col{flex-direction:column;justify-content:center;}}<\/style>\n<div class=\"wp-block-kadence-column kadence-column47_d8187b-a6 framed-image colored-frame slow-draw\"><div class=\"kt-inside-inner-col\">\n<figure class=\"wp-block-video\"><video height=\"720\" style=\"aspect-ratio: 1280 \/ 720;\" width=\"1280\" autoplay loop muted src=\"https:\/\/siarkopol.gda.pl\/wp-content\/uploads\/2025\/06\/bocznica.mp4\" playsinline><\/video><\/figure>\n<\/div><\/div>\n<\/div><\/div>\n\n<\/div><\/div>","protected":false},"excerpt":{"rendered":"<p>BOCZNICA KOLEJOWA I US\u0141UGI MANEWROWE W ramach wsp\u00f3\u0142pracy z naszymi kontrahentami wszystkie operacje manewrowe, w tym odbi\u00f3r i zdanie sk\u0142ad\u00f3w z tor\u00f3w zdawczo-odbiorczych na stacji Gda\u0144sk Port P\u00f3\u0142nocny na bocznic\u0119 kolejow\u0105 SIARKOPOLU, realizowane s\u0105 przy pomocy lokomotyw oraz dru\u017cyny manewrowej \u201eSIARKOPOL\u201d Gda\u0144sk S.A. W ramach obs\u0142ugi kolejowej oferujemy: W ramach obs\u0142ugi kolejowej oferujemy:<\/p>","protected":false},"author":2,"featured_media":0,"parent":37,"menu_order":0,"comment_status":"closed","ping_status":"closed","template":"","meta":{"_kad_blocks_custom_css":"","_kad_blocks_head_custom_js":"","_kad_blocks_body_custom_js":"","_kad_blocks_footer_custom_js":"","_kad_post_transparent":"","_kad_post_title":"","_kad_post_layout":"","_kad_post_sidebar_id":"","_kad_post_content_style":"","_kad_post_vertical_padding":"","_kad_post_feature":"","_kad_post_feature_position":"","_kad_post_header":false,"_kad_post_footer":false,"_kad_post_classname":"","footnotes":""},"class_list":["post-47","page","type-page","status-publish","hentry"],"taxonomy_info":[],"featured_image_src_large":false,"author_info":{"display_name":"Micha\u0142","author_link":"https:\/\/siarkopol.gda.pl\/en\/author\/michal\/"},"comment_info":0,"_links":{"self":[{"href":"https:\/\/siarkopol.gda.pl\/en\/wp-json\/wp\/v2\/pages\/47","targetHints":{"allow":["GET"]}}],"collection":[{"href":"https:\/\/siarkopol.gda.pl\/en\/wp-json\/wp\/v2\/pages"}],"about":[{"href":"https:\/\/siarkopol.gda.pl\/en\/wp-json\/wp\/v2\/types\/page"}],"author":[{"embeddable":true,"href":"https:\/\/siarkopol.gda.pl\/en\/wp-json\/wp\/v2\/users\/2"}],"replies":[{"embeddable":true,"href":"https:\/\/siarkopol.gda.pl\/en\/wp-json\/wp\/v2\/comments?post=47"}],"version-history":[{"count":1,"href":"https:\/\/siarkopol.gda.pl\/en\/wp-json\/wp\/v2\/pages\/47\/revisions"}],"predecessor-version":[{"id":490,"href":"https:\/\/siarkopol.gda.pl\/en\/wp-json\/wp\/v2\/pages\/47\/revisions\/490"}],"up":[{"embeddable":true,"href":"https:\/\/siarkopol.gda.pl\/en\/wp-json\/wp\/v2\/pages\/37"}],"wp:attachment":[{"href":"https:\/\/siarkopol.gda.pl\/en\/wp-json\/wp\/v2\/media?parent=47"}],"curies":[{"name":"wp","href":"https:\/\/api.w.org\/{rel}","templated":true}]}}