{"id":51,"date":"2025-06-04T07:56:46","date_gmt":"2025-06-04T05:56:46","guid":{"rendered":"https:\/\/siarkopol.gda.pl\/?page_id=51"},"modified":"2025-06-12T08:23:49","modified_gmt":"2025-06-12T06:23:49","slug":"legal-information","status":"publish","type":"page","link":"https:\/\/siarkopol.gda.pl\/en\/informacje-prawne\/","title":{"rendered":"Legal information"},"content":{"rendered":"<style>.kb-row-layout-id51_683af6-54 > .kt-row-column-wrap{align-content:start;}:where(.kb-row-layout-id51_683af6-54 > .kt-row-column-wrap) > .wp-block-kadence-column{justify-content:start;}.kb-row-layout-id51_683af6-54 > .kt-row-column-wrap{column-gap:var(--global-kb-gap-md, 2rem);row-gap:var(--global-kb-gap-md, 2rem);max-width:var( --global-content-width, 1450px );padding-left:var(--global-content-edge-padding);padding-right:var(--global-content-edge-padding);padding-top:var(--global-kb-spacing-xxl, 5rem);padding-bottom:var(--global-kb-spacing-sm, 1.5rem);grid-template-columns:minmax(0, 1fr);}.kb-row-layout-id51_683af6-54 > .kt-row-layout-overlay{opacity:0.30;}@media all and (max-width: 1024px){.kb-row-layout-id51_683af6-54 > .kt-row-column-wrap{grid-template-columns:minmax(0, 1fr);}}@media all and (max-width: 767px){.kb-row-layout-id51_683af6-54 > .kt-row-column-wrap{grid-template-columns:minmax(0, 1fr);}}<\/style><div class=\"kb-row-layout-wrap kb-row-layout-id51_683af6-54 alignnone wp-block-kadence-rowlayout\"><div class=\"kt-row-column-wrap kt-has-1-columns kt-row-layout-equal kt-tab-layout-inherit kt-mobile-layout-row kt-row-valign-top kb-theme-content-width\">\n<style>.kadence-column51_a4dbf0-75 > .kt-inside-inner-col,.kadence-column51_a4dbf0-75 > .kt-inside-inner-col:before{border-top-left-radius:0px;border-top-right-radius:0px;border-bottom-right-radius:0px;border-bottom-left-radius:0px;}.kadence-column51_a4dbf0-75 > .kt-inside-inner-col{column-gap:var(--global-kb-gap-sm, 1rem);}.kadence-column51_a4dbf0-75 > .kt-inside-inner-col{flex-direction:column;}.kadence-column51_a4dbf0-75 > .kt-inside-inner-col > .aligncenter{width:100%;}.kadence-column51_a4dbf0-75 > .kt-inside-inner-col:before{opacity:0.3;}.kadence-column51_a4dbf0-75{position:relative;}@media all and (max-width: 1024px){.kadence-column51_a4dbf0-75 > .kt-inside-inner-col{flex-direction:column;justify-content:center;}}@media all and (max-width: 767px){.kadence-column51_a4dbf0-75 > .kt-inside-inner-col{flex-direction:column;justify-content:center;}}<\/style>\n<div class=\"wp-block-kadence-column kadence-column51_a4dbf0-75\"><div class=\"kt-inside-inner-col\">\n<p>Sp\u00f3\u0142ka <strong>SIARKOPOL Gda\u0144sk S.A.<\/strong>, jako operator nowoczesnego terminalu prze\u0142adunkowego dzia\u0142aj\u0105cego w ramach Portu Gda\u0144skiego, przywi\u0105zuje szczeg\u00f3ln\u0105 wag\u0119 do prowadzenia dzia\u0142alno\u015bci zgodnie z obowi\u0105zuj\u0105cym prawem, normami bran\u017cowymi oraz zasadami etyki i przejrzysto\u015bci.<\/p>\n\n\n\n<p>W trosce o naszych klient\u00f3w, kontrahent\u00f3w, pracownik\u00f3w i otoczenie spo\u0142eczne, zapewniamy dost\u0119p do kluczowych informacji regulacyjnych oraz dokument\u00f3w dotycz\u0105cych funkcjonowania Sp\u00f3\u0142ki w zakresie:<\/p>\n\n\n\n<ul class=\"wp-block-list\">\n<li><strong>Ochrony danych osobowych (RODO)<\/strong> \u2013 przestrzegamy przepis\u00f3w rozporz\u0105dzenia o ochronie danych osobowych, zapewniaj\u0105c bezpiecze\u0144stwo i transparentno\u015b\u0107 przetwarzania danych.<\/li>\n\n\n\n<li><strong>Ochrony \u015brodowiska<\/strong> \u2013 dzia\u0142amy odpowiedzialnie wobec otoczenia, realizuj\u0105c zadania zgodnie z przepisami prawa ochrony \u015brodowiska i zasadami zr\u00f3wnowa\u017conego rozwoju.<\/li>\n\n\n\n<li><strong>Prawa energetycznego<\/strong> \u2013 zapewniamy zgodno\u015b\u0107 proces\u00f3w i infrastruktury energetycznej z wymogami obowi\u0105zuj\u0105cymi w sektorze przemys\u0142owym i logistycznym.<\/li>\n\n\n\n<li><strong>Zg\u0142aszania narusze\u0144 przez sygnalist\u00f3w<\/strong> \u2013 wdro\u017cyli\u015bmy przejrzysty system umo\u017cliwiaj\u0105cy anonimowe i bezpieczne zg\u0142aszanie potencjalnych narusze\u0144 prawa lub standard\u00f3w etycznych.<\/li>\n<\/ul>\n\n\n\n<p>Zach\u0119camy do zapoznania si\u0119 z dokumentami i procedurami opisanymi w poni\u017cszych sekcjach. Naszym celem jest zapewnienie pe\u0142nej zgodno\u015bci z regulacjami, przejrzysto\u015bci dzia\u0142a\u0144 oraz budowanie zaufania w relacjach z partnerami biznesowymi i spo\u0142ecznymi.<\/p>\n<\/div><\/div>\n\n<\/div><\/div>\n\n<style>.kb-row-layout-id51_3c3ca2-67 > .kt-row-column-wrap{align-content:center;}:where(.kb-row-layout-id51_3c3ca2-67 > .kt-row-column-wrap) > .wp-block-kadence-column{justify-content:center;}.kb-row-layout-id51_3c3ca2-67 > .kt-row-column-wrap{column-gap:var(--global-kb-gap-md, 2rem);row-gap:var(--global-kb-gap-md, 2rem);max-width:var( --global-content-width, 1450px );padding-left:var(--global-content-edge-padding);padding-right:var(--global-content-edge-padding);padding-top:var(--global-kb-spacing-lg, 3rem);padding-bottom:var(--global-kb-spacing-5xl, 10rem);}.kb-row-layout-id51_3c3ca2-67 > .kt-row-column-wrap > div:not(.added-for-specificity){grid-column:initial;}.kb-row-layout-id51_3c3ca2-67 > .kt-row-column-wrap{grid-template-columns:repeat(4, minmax(0, 1fr));}.kb-row-layout-id51_3c3ca2-67 > .kt-row-layout-overlay{opacity:0.30;}@media all and (max-width: 1024px){.kb-row-layout-id51_3c3ca2-67 > .kt-row-column-wrap > div:not(.added-for-specificity){grid-column:initial;}}@media all and (max-width: 1024px){.kb-row-layout-id51_3c3ca2-67 > .kt-row-column-wrap{grid-template-columns:repeat(4, minmax(0, 1fr));}}@media all and (max-width: 767px){.kb-row-layout-id51_3c3ca2-67 > .kt-row-column-wrap > div:not(.added-for-specificity){grid-column:initial;}.kb-row-layout-id51_3c3ca2-67 > .kt-row-column-wrap{grid-template-columns:minmax(0, 1fr);}}<\/style><div class=\"kb-row-layout-wrap kb-row-layout-id51_3c3ca2-67 alignnone wp-block-kadence-rowlayout\"><div class=\"kt-row-column-wrap kt-has-4-columns kt-row-layout-equal kt-tab-layout-inherit kt-mobile-layout-row kt-row-valign-middle kb-theme-content-width\">\n<style>.kadence-column51_80b66e-7d > .kt-inside-inner-col{display:flex;}.kadence-column51_80b66e-7d > .kt-inside-inner-col{min-height:200px;}.kadence-column51_80b66e-7d > .kt-inside-inner-col,.kadence-column51_80b66e-7d > .kt-inside-inner-col:before{border-top-left-radius:20px;border-top-right-radius:20px;border-bottom-right-radius:20px;border-bottom-left-radius:20px;}.kadence-column51_80b66e-7d:hover > .kt-inside-inner-col{box-shadow:0px 0px 14px 0px rgba(0, 0, 0, 0.2);}.kadence-column51_80b66e-7d > .kt-inside-inner-col{column-gap:var(--global-kb-gap-sm, 1rem);}.kadence-column51_80b66e-7d > .kt-inside-inner-col{flex-direction:column;justify-content:center;align-items:center;}.kadence-column51_80b66e-7d > .kt-inside-inner-col > .kb-image-is-ratio-size{align-self:stretch;}.kadence-column51_80b66e-7d > .kt-inside-inner-col > .wp-block-kadence-advancedgallery{align-self:stretch;}.kadence-column51_80b66e-7d > .kt-inside-inner-col > .aligncenter{width:100%;}.kt-row-column-wrap > .kadence-column51_80b66e-7d{align-self:center;}.kt-inner-column-height-full:not(.kt-has-1-columns) > .wp-block-kadence-column.kadence-column51_80b66e-7d{align-self:auto;}.kt-inner-column-height-full:not(.kt-has-1-columns) > .wp-block-kadence-column.kadence-column51_80b66e-7d > .kt-inside-inner-col{flex-direction:column;justify-content:center;}.kadence-column51_80b66e-7d > .kt-inside-inner-col{background-color:var(--global-palette8, #F7FAFC);}.kadence-column51_80b66e-7d > .kt-inside-inner-col:before{opacity:0.3;}.kadence-column51_80b66e-7d{position:relative;}@media all and (max-width: 1024px){.kt-row-column-wrap > .kadence-column51_80b66e-7d{align-self:center;}}@media all and (max-width: 1024px){.kt-inner-column-height-full:not(.kt-has-1-columns) > .wp-block-kadence-column.kadence-column51_80b66e-7d{align-self:auto;}}@media all and (max-width: 1024px){.kt-inner-column-height-full:not(.kt-has-1-columns) > .wp-block-kadence-column.kadence-column51_80b66e-7d > .kt-inside-inner-col{flex-direction:column;justify-content:center;}}@media all and (max-width: 1024px){.kadence-column51_80b66e-7d > .kt-inside-inner-col{flex-direction:column;justify-content:center;align-items:center;}}@media all and (max-width: 767px){.kt-row-column-wrap > .kadence-column51_80b66e-7d{align-self:center;}.kt-inner-column-height-full:not(.kt-has-1-columns) > .wp-block-kadence-column.kadence-column51_80b66e-7d{align-self:auto;}.kt-inner-column-height-full:not(.kt-has-1-columns) > .wp-block-kadence-column.kadence-column51_80b66e-7d > .kt-inside-inner-col{flex-direction:column;justify-content:center;}.kadence-column51_80b66e-7d > .kt-inside-inner-col{flex-direction:column;justify-content:center;align-items:center;}}<\/style>\n<div class=\"wp-block-kadence-column kadence-column51_80b66e-7d kb-section-has-link\"><div class=\"kt-inside-inner-col\"><style>.wp-block-kadence-advancedheading.kt-adv-heading51_d4cef2-f6, .wp-block-kadence-advancedheading.kt-adv-heading51_d4cef2-f6[data-kb-block=\"kb-adv-heading51_d4cef2-f6\"]{font-style:normal;}.wp-block-kadence-advancedheading.kt-adv-heading51_d4cef2-f6 mark.kt-highlight, .wp-block-kadence-advancedheading.kt-adv-heading51_d4cef2-f6[data-kb-block=\"kb-adv-heading51_d4cef2-f6\"] mark.kt-highlight{font-style:normal;color:#f76a0c;-webkit-box-decoration-break:clone;box-decoration-break:clone;padding-top:0px;padding-right:0px;padding-bottom:0px;padding-left:0px;}.wp-block-kadence-advancedheading.kt-adv-heading51_d4cef2-f6 img.kb-inline-image, .wp-block-kadence-advancedheading.kt-adv-heading51_d4cef2-f6[data-kb-block=\"kb-adv-heading51_d4cef2-f6\"] img.kb-inline-image{width:150px;vertical-align:baseline;}<\/style>\n<h2 class=\"kt-adv-heading51_d4cef2-f6 wp-block-kadence-advancedheading\" data-kb-block=\"kb-adv-heading51_d4cef2-f6\">RODO<\/h2>\n<\/div><a href=\"https:\/\/siarkopol.gda.pl\/informacje-prawne\/rodo\/\" class=\"kb-section-link-overlay\"><\/a><\/div>\n\n\n<style>.kadence-column51_06bee5-b4 > .kt-inside-inner-col{display:flex;}.kadence-column51_06bee5-b4 > .kt-inside-inner-col{min-height:200px;}.kadence-column51_06bee5-b4 > .kt-inside-inner-col,.kadence-column51_06bee5-b4 > .kt-inside-inner-col:before{border-top-left-radius:20px;border-top-right-radius:20px;border-bottom-right-radius:20px;border-bottom-left-radius:20px;}.kadence-column51_06bee5-b4:hover > .kt-inside-inner-col{box-shadow:0px 0px 14px 0px rgba(0, 0, 0, 0.2);}.kadence-column51_06bee5-b4 > .kt-inside-inner-col{column-gap:var(--global-kb-gap-sm, 1rem);}.kadence-column51_06bee5-b4 > .kt-inside-inner-col{flex-direction:column;justify-content:center;align-items:center;}.kadence-column51_06bee5-b4 > .kt-inside-inner-col > .kb-image-is-ratio-size{align-self:stretch;}.kadence-column51_06bee5-b4 > .kt-inside-inner-col > .wp-block-kadence-advancedgallery{align-self:stretch;}.kadence-column51_06bee5-b4 > .kt-inside-inner-col > .aligncenter{width:100%;}.kt-row-column-wrap > .kadence-column51_06bee5-b4{align-self:center;}.kt-inner-column-height-full:not(.kt-has-1-columns) > .wp-block-kadence-column.kadence-column51_06bee5-b4{align-self:auto;}.kt-inner-column-height-full:not(.kt-has-1-columns) > .wp-block-kadence-column.kadence-column51_06bee5-b4 > .kt-inside-inner-col{flex-direction:column;justify-content:center;}.kadence-column51_06bee5-b4 > .kt-inside-inner-col{background-color:var(--global-palette8, #F7FAFC);}.kadence-column51_06bee5-b4 > .kt-inside-inner-col:before{opacity:0.3;}.kadence-column51_06bee5-b4{position:relative;}@media all and (max-width: 1024px){.kt-row-column-wrap > .kadence-column51_06bee5-b4{align-self:center;}}@media all and (max-width: 1024px){.kt-inner-column-height-full:not(.kt-has-1-columns) > .wp-block-kadence-column.kadence-column51_06bee5-b4{align-self:auto;}}@media all and (max-width: 1024px){.kt-inner-column-height-full:not(.kt-has-1-columns) > .wp-block-kadence-column.kadence-column51_06bee5-b4 > .kt-inside-inner-col{flex-direction:column;justify-content:center;}}@media all and (max-width: 1024px){.kadence-column51_06bee5-b4 > .kt-inside-inner-col{flex-direction:column;justify-content:center;align-items:center;}}@media all and (max-width: 767px){.kt-row-column-wrap > .kadence-column51_06bee5-b4{align-self:center;}.kt-inner-column-height-full:not(.kt-has-1-columns) > .wp-block-kadence-column.kadence-column51_06bee5-b4{align-self:auto;}.kt-inner-column-height-full:not(.kt-has-1-columns) > .wp-block-kadence-column.kadence-column51_06bee5-b4 > .kt-inside-inner-col{flex-direction:column;justify-content:center;}.kadence-column51_06bee5-b4 > .kt-inside-inner-col{flex-direction:column;justify-content:center;align-items:center;}}<\/style>\n<div class=\"wp-block-kadence-column kadence-column51_06bee5-b4 kb-section-has-link\"><div class=\"kt-inside-inner-col\"><style>.wp-block-kadence-advancedheading.kt-adv-heading51_c6a474-01, .wp-block-kadence-advancedheading.kt-adv-heading51_c6a474-01[data-kb-block=\"kb-adv-heading51_c6a474-01\"]{font-style:normal;}.wp-block-kadence-advancedheading.kt-adv-heading51_c6a474-01 mark.kt-highlight, .wp-block-kadence-advancedheading.kt-adv-heading51_c6a474-01[data-kb-block=\"kb-adv-heading51_c6a474-01\"] mark.kt-highlight{font-style:normal;color:#f76a0c;-webkit-box-decoration-break:clone;box-decoration-break:clone;padding-top:0px;padding-right:0px;padding-bottom:0px;padding-left:0px;}.wp-block-kadence-advancedheading.kt-adv-heading51_c6a474-01 img.kb-inline-image, .wp-block-kadence-advancedheading.kt-adv-heading51_c6a474-01[data-kb-block=\"kb-adv-heading51_c6a474-01\"] img.kb-inline-image{width:150px;vertical-align:baseline;}<\/style>\n<h2 class=\"kt-adv-heading51_c6a474-01 wp-block-kadence-advancedheading\" data-kb-block=\"kb-adv-heading51_c6a474-01\">Ochrona \u015brodowiska<\/h2>\n<\/div><a href=\"https:\/\/siarkopol.gda.pl\/informacje-prawne\/ochrona-srodowiska\/\" class=\"kb-section-link-overlay\"><\/a><\/div>\n\n\n<style>.kadence-column51_87072e-53 > .kt-inside-inner-col{display:flex;}.kadence-column51_87072e-53 > .kt-inside-inner-col{min-height:200px;}.kadence-column51_87072e-53 > .kt-inside-inner-col,.kadence-column51_87072e-53 > .kt-inside-inner-col:before{border-top-left-radius:20px;border-top-right-radius:20px;border-bottom-right-radius:20px;border-bottom-left-radius:20px;}.kadence-column51_87072e-53:hover > .kt-inside-inner-col{box-shadow:0px 0px 14px 0px rgba(0, 0, 0, 0.2);}.kadence-column51_87072e-53 > .kt-inside-inner-col{column-gap:var(--global-kb-gap-sm, 1rem);}.kadence-column51_87072e-53 > .kt-inside-inner-col{flex-direction:column;justify-content:center;align-items:center;}.kadence-column51_87072e-53 > .kt-inside-inner-col > .kb-image-is-ratio-size{align-self:stretch;}.kadence-column51_87072e-53 > .kt-inside-inner-col > .wp-block-kadence-advancedgallery{align-self:stretch;}.kadence-column51_87072e-53 > .kt-inside-inner-col > .aligncenter{width:100%;}.kt-row-column-wrap > .kadence-column51_87072e-53{align-self:center;}.kt-inner-column-height-full:not(.kt-has-1-columns) > .wp-block-kadence-column.kadence-column51_87072e-53{align-self:auto;}.kt-inner-column-height-full:not(.kt-has-1-columns) > .wp-block-kadence-column.kadence-column51_87072e-53 > .kt-inside-inner-col{flex-direction:column;justify-content:center;}.kadence-column51_87072e-53 > .kt-inside-inner-col{background-color:var(--global-palette8, #F7FAFC);}.kadence-column51_87072e-53 > .kt-inside-inner-col:before{opacity:0.3;}.kadence-column51_87072e-53{position:relative;}@media all and (max-width: 1024px){.kt-row-column-wrap > .kadence-column51_87072e-53{align-self:center;}}@media all and (max-width: 1024px){.kt-inner-column-height-full:not(.kt-has-1-columns) > .wp-block-kadence-column.kadence-column51_87072e-53{align-self:auto;}}@media all and (max-width: 1024px){.kt-inner-column-height-full:not(.kt-has-1-columns) > .wp-block-kadence-column.kadence-column51_87072e-53 > .kt-inside-inner-col{flex-direction:column;justify-content:center;}}@media all and (max-width: 1024px){.kadence-column51_87072e-53 > .kt-inside-inner-col{flex-direction:column;justify-content:center;align-items:center;}}@media all and (max-width: 767px){.kt-row-column-wrap > .kadence-column51_87072e-53{align-self:center;}.kt-inner-column-height-full:not(.kt-has-1-columns) > .wp-block-kadence-column.kadence-column51_87072e-53{align-self:auto;}.kt-inner-column-height-full:not(.kt-has-1-columns) > .wp-block-kadence-column.kadence-column51_87072e-53 > .kt-inside-inner-col{flex-direction:column;justify-content:center;}.kadence-column51_87072e-53 > .kt-inside-inner-col{flex-direction:column;justify-content:center;align-items:center;}}<\/style>\n<div class=\"wp-block-kadence-column kadence-column51_87072e-53 kb-section-has-link\"><div class=\"kt-inside-inner-col\"><style>.wp-block-kadence-advancedheading.kt-adv-heading51_0ed955-e2, .wp-block-kadence-advancedheading.kt-adv-heading51_0ed955-e2[data-kb-block=\"kb-adv-heading51_0ed955-e2\"]{font-style:normal;}.wp-block-kadence-advancedheading.kt-adv-heading51_0ed955-e2 mark.kt-highlight, .wp-block-kadence-advancedheading.kt-adv-heading51_0ed955-e2[data-kb-block=\"kb-adv-heading51_0ed955-e2\"] mark.kt-highlight{font-style:normal;color:#f76a0c;-webkit-box-decoration-break:clone;box-decoration-break:clone;padding-top:0px;padding-right:0px;padding-bottom:0px;padding-left:0px;}.wp-block-kadence-advancedheading.kt-adv-heading51_0ed955-e2 img.kb-inline-image, .wp-block-kadence-advancedheading.kt-adv-heading51_0ed955-e2[data-kb-block=\"kb-adv-heading51_0ed955-e2\"] img.kb-inline-image{width:150px;vertical-align:baseline;}<\/style>\n<h2 class=\"kt-adv-heading51_0ed955-e2 wp-block-kadence-advancedheading\" data-kb-block=\"kb-adv-heading51_0ed955-e2\">Prawo energetyczne<\/h2>\n<\/div><a href=\"https:\/\/siarkopol.gda.pl\/informacje-prawne\/prawo-energetyczne\/\" class=\"kb-section-link-overlay\"><\/a><\/div>\n\n\n<style>.kadence-column51_343e2c-5f > .kt-inside-inner-col{display:flex;}.kadence-column51_343e2c-5f > .kt-inside-inner-col{min-height:200px;}.kadence-column51_343e2c-5f > .kt-inside-inner-col,.kadence-column51_343e2c-5f > .kt-inside-inner-col:before{border-top-left-radius:20px;border-top-right-radius:20px;border-bottom-right-radius:20px;border-bottom-left-radius:20px;}.kadence-column51_343e2c-5f:hover > .kt-inside-inner-col{box-shadow:0px 0px 14px 0px rgba(0, 0, 0, 0.2);}.kadence-column51_343e2c-5f > .kt-inside-inner-col{column-gap:var(--global-kb-gap-sm, 1rem);}.kadence-column51_343e2c-5f > .kt-inside-inner-col{flex-direction:column;justify-content:center;align-items:center;}.kadence-column51_343e2c-5f > .kt-inside-inner-col > .kb-image-is-ratio-size{align-self:stretch;}.kadence-column51_343e2c-5f > .kt-inside-inner-col > .wp-block-kadence-advancedgallery{align-self:stretch;}.kadence-column51_343e2c-5f > .kt-inside-inner-col > .aligncenter{width:100%;}.kt-row-column-wrap > .kadence-column51_343e2c-5f{align-self:center;}.kt-inner-column-height-full:not(.kt-has-1-columns) > .wp-block-kadence-column.kadence-column51_343e2c-5f{align-self:auto;}.kt-inner-column-height-full:not(.kt-has-1-columns) > .wp-block-kadence-column.kadence-column51_343e2c-5f > .kt-inside-inner-col{flex-direction:column;justify-content:center;}.kadence-column51_343e2c-5f > .kt-inside-inner-col{background-color:var(--global-palette8, #F7FAFC);}.kadence-column51_343e2c-5f > .kt-inside-inner-col:before{opacity:0.3;}.kadence-column51_343e2c-5f{position:relative;}@media all and (max-width: 1024px){.kt-row-column-wrap > .kadence-column51_343e2c-5f{align-self:center;}}@media all and (max-width: 1024px){.kt-inner-column-height-full:not(.kt-has-1-columns) > .wp-block-kadence-column.kadence-column51_343e2c-5f{align-self:auto;}}@media all and (max-width: 1024px){.kt-inner-column-height-full:not(.kt-has-1-columns) > .wp-block-kadence-column.kadence-column51_343e2c-5f > .kt-inside-inner-col{flex-direction:column;justify-content:center;}}@media all and (max-width: 1024px){.kadence-column51_343e2c-5f > .kt-inside-inner-col{flex-direction:column;justify-content:center;align-items:center;}}@media all and (max-width: 767px){.kt-row-column-wrap > .kadence-column51_343e2c-5f{align-self:center;}.kt-inner-column-height-full:not(.kt-has-1-columns) > .wp-block-kadence-column.kadence-column51_343e2c-5f{align-self:auto;}.kt-inner-column-height-full:not(.kt-has-1-columns) > .wp-block-kadence-column.kadence-column51_343e2c-5f > .kt-inside-inner-col{flex-direction:column;justify-content:center;}.kadence-column51_343e2c-5f > .kt-inside-inner-col{flex-direction:column;justify-content:center;align-items:center;}}<\/style>\n<div class=\"wp-block-kadence-column kadence-column51_343e2c-5f kb-section-has-link\"><div class=\"kt-inside-inner-col\"><style>.wp-block-kadence-advancedheading.kt-adv-heading51_379629-88, .wp-block-kadence-advancedheading.kt-adv-heading51_379629-88[data-kb-block=\"kb-adv-heading51_379629-88\"]{font-style:normal;}.wp-block-kadence-advancedheading.kt-adv-heading51_379629-88 mark.kt-highlight, .wp-block-kadence-advancedheading.kt-adv-heading51_379629-88[data-kb-block=\"kb-adv-heading51_379629-88\"] mark.kt-highlight{font-style:normal;color:#f76a0c;-webkit-box-decoration-break:clone;box-decoration-break:clone;padding-top:0px;padding-right:0px;padding-bottom:0px;padding-left:0px;}.wp-block-kadence-advancedheading.kt-adv-heading51_379629-88 img.kb-inline-image, .wp-block-kadence-advancedheading.kt-adv-heading51_379629-88[data-kb-block=\"kb-adv-heading51_379629-88\"] img.kb-inline-image{width:150px;vertical-align:baseline;}<\/style>\n<h2 class=\"kt-adv-heading51_379629-88 wp-block-kadence-advancedheading\" data-kb-block=\"kb-adv-heading51_379629-88\">Sygnali\u015bci<\/h2>\n<\/div><a href=\"https:\/\/siarkopol.gda.pl\/informacje-prawne\/sygnalisci\/\" class=\"kb-section-link-overlay\"><\/a><\/div>\n\n<\/div><\/div>","protected":false},"excerpt":{"rendered":"<p>Sp\u00f3\u0142ka SIARKOPOL Gda\u0144sk S.A., jako operator nowoczesnego terminalu prze\u0142adunkowego dzia\u0142aj\u0105cego w ramach Portu Gda\u0144skiego, przywi\u0105zuje szczeg\u00f3ln\u0105 wag\u0119 do prowadzenia dzia\u0142alno\u015bci zgodnie z obowi\u0105zuj\u0105cym prawem, normami bran\u017cowymi oraz zasadami etyki i przejrzysto\u015bci. W trosce o naszych klient\u00f3w, kontrahent\u00f3w, pracownik\u00f3w i otoczenie spo\u0142eczne, zapewniamy dost\u0119p do kluczowych informacji regulacyjnych oraz dokument\u00f3w dotycz\u0105cych funkcjonowania Sp\u00f3\u0142ki w zakresie: Zach\u0119camy&#8230;<\/p>","protected":false},"author":2,"featured_media":0,"parent":0,"menu_order":0,"comment_status":"closed","ping_status":"closed","template":"","meta":{"_kad_blocks_custom_css":"","_kad_blocks_head_custom_js":"","_kad_blocks_body_custom_js":"","_kad_blocks_footer_custom_js":"","_kad_post_transparent":"","_kad_post_title":"","_kad_post_layout":"","_kad_post_sidebar_id":"","_kad_post_content_style":"","_kad_post_vertical_padding":"","_kad_post_feature":"","_kad_post_feature_position":"","_kad_post_header":false,"_kad_post_footer":false,"_kad_post_classname":"","footnotes":""},"class_list":["post-51","page","type-page","status-publish","hentry"],"taxonomy_info":[],"featured_image_src_large":false,"author_info":{"display_name":"Micha\u0142","author_link":"https:\/\/siarkopol.gda.pl\/en\/author\/michal\/"},"comment_info":0,"_links":{"self":[{"href":"https:\/\/siarkopol.gda.pl\/en\/wp-json\/wp\/v2\/pages\/51","targetHints":{"allow":["GET"]}}],"collection":[{"href":"https:\/\/siarkopol.gda.pl\/en\/wp-json\/wp\/v2\/pages"}],"about":[{"href":"https:\/\/siarkopol.gda.pl\/en\/wp-json\/wp\/v2\/types\/page"}],"author":[{"embeddable":true,"href":"https:\/\/siarkopol.gda.pl\/en\/wp-json\/wp\/v2\/users\/2"}],"replies":[{"embeddable":true,"href":"https:\/\/siarkopol.gda.pl\/en\/wp-json\/wp\/v2\/comments?post=51"}],"version-history":[{"count":3,"href":"https:\/\/siarkopol.gda.pl\/en\/wp-json\/wp\/v2\/pages\/51\/revisions"}],"predecessor-version":[{"id":460,"href":"https:\/\/siarkopol.gda.pl\/en\/wp-json\/wp\/v2\/pages\/51\/revisions\/460"}],"wp:attachment":[{"href":"https:\/\/siarkopol.gda.pl\/en\/wp-json\/wp\/v2\/media?parent=51"}],"curies":[{"name":"wp","href":"https:\/\/api.w.org\/{rel}","templated":true}]}}