{"id":53,"date":"2025-06-04T07:57:03","date_gmt":"2025-06-04T05:57:03","guid":{"rendered":"https:\/\/siarkopol.gda.pl\/?page_id=53"},"modified":"2025-06-05T09:24:36","modified_gmt":"2025-06-05T07:24:36","slug":"rodo","status":"publish","type":"page","link":"https:\/\/siarkopol.gda.pl\/en\/informacje-prawne\/rodo\/","title":{"rendered":"GDPR \u2013 Data Protection"},"content":{"rendered":"<style>.kb-row-layout-id53_139656-53 > .kt-row-column-wrap{align-content:start;}:where(.kb-row-layout-id53_139656-53 > .kt-row-column-wrap) > .wp-block-kadence-column{justify-content:start;}.kb-row-layout-id53_139656-53 > .kt-row-column-wrap{column-gap:var(--global-kb-gap-md, 2rem);row-gap:var(--global-kb-gap-md, 2rem);max-width:var( --global-content-width, 1450px );padding-left:var(--global-content-edge-padding);padding-right:var(--global-content-edge-padding);padding-top:var(--global-kb-spacing-xl, 4rem);padding-bottom:var(--global-kb-spacing-3xl, 6.5rem);grid-template-columns:minmax(0, 1fr);}.kb-row-layout-id53_139656-53 > .kt-row-layout-overlay{opacity:0.30;}@media all and (max-width: 1024px){.kb-row-layout-id53_139656-53 > .kt-row-column-wrap{grid-template-columns:minmax(0, 1fr);}}@media all and (max-width: 767px){.kb-row-layout-id53_139656-53 > .kt-row-column-wrap{grid-template-columns:minmax(0, 1fr);}}<\/style><div class=\"kb-row-layout-wrap kb-row-layout-id53_139656-53 alignnone wp-block-kadence-rowlayout\"><div class=\"kt-row-column-wrap kt-has-1-columns kt-row-layout-equal kt-tab-layout-inherit kt-mobile-layout-row kt-row-valign-top kb-theme-content-width\">\n<style>.kadence-column53_70c132-fb > .kt-inside-inner-col,.kadence-column53_70c132-fb > .kt-inside-inner-col:before{border-top-left-radius:0px;border-top-right-radius:0px;border-bottom-right-radius:0px;border-bottom-left-radius:0px;}.kadence-column53_70c132-fb > .kt-inside-inner-col{column-gap:var(--global-kb-gap-sm, 1rem);}.kadence-column53_70c132-fb > .kt-inside-inner-col{flex-direction:column;}.kadence-column53_70c132-fb > .kt-inside-inner-col > .aligncenter{width:100%;}.kadence-column53_70c132-fb > .kt-inside-inner-col:before{opacity:0.3;}.kadence-column53_70c132-fb{position:relative;}@media all and (max-width: 1024px){.kadence-column53_70c132-fb > .kt-inside-inner-col{flex-direction:column;justify-content:center;}}@media all and (max-width: 767px){.kadence-column53_70c132-fb > .kt-inside-inner-col{flex-direction:column;justify-content:center;}}<\/style>\n<div class=\"wp-block-kadence-column kadence-column53_70c132-fb\"><div class=\"kt-inside-inner-col\"><style>.wp-block-kadence-advancedheading.kt-adv-heading53_688c8e-d5, .wp-block-kadence-advancedheading.kt-adv-heading53_688c8e-d5[data-kb-block=\"kb-adv-heading53_688c8e-d5\"]{font-style:normal;}.wp-block-kadence-advancedheading.kt-adv-heading53_688c8e-d5 mark.kt-highlight, .wp-block-kadence-advancedheading.kt-adv-heading53_688c8e-d5[data-kb-block=\"kb-adv-heading53_688c8e-d5\"] mark.kt-highlight{font-style:normal;color:#f76a0c;-webkit-box-decoration-break:clone;box-decoration-break:clone;padding-top:0px;padding-right:0px;padding-bottom:0px;padding-left:0px;}.wp-block-kadence-advancedheading.kt-adv-heading53_688c8e-d5 img.kb-inline-image, .wp-block-kadence-advancedheading.kt-adv-heading53_688c8e-d5[data-kb-block=\"kb-adv-heading53_688c8e-d5\"] img.kb-inline-image{width:150px;vertical-align:baseline;}<\/style>\n<h2 class=\"kt-adv-heading53_688c8e-d5 wp-block-kadence-advancedheading\" data-kb-block=\"kb-adv-heading53_688c8e-d5\">Administrator danych osobowych<\/h2>\n\n\n\n<p>W zwi\u0105zku z Twoj\u0105 akceptacj\u0105 plik\u00f3w cookies na naszej stronie internetowej <strong>\u201eSIARKOPOL\u201d Gda\u0144sk Sp\u00f3\u0142ka akcyjna z siedzib\u0105 w Gda\u0144sku<\/strong> 80-601 przy ul. mjr H. Sucharskiego 12, zarejestrowana w S\u0105dzie Rejonowym Gda\u0144sk \u2013 P\u00f3\u0142noc w Gda\u0144sku, Wydzia\u0142 VII Gospodarczy Krajowego Rejestru Sadowego pod nr KRS 0000045354, REGON 190555377, NIP 583-000-11-26, kapita\u0142 zak\u0142adowy\/wp\u0142acony w ca\u0142o\u015bci 52.245.000,00 z\u0142 jest administratorem Twoich danych osobowych.<\/p>\n\n\n<style>.wp-block-kadence-advancedheading.kt-adv-heading53_4ea249-dc, .wp-block-kadence-advancedheading.kt-adv-heading53_4ea249-dc[data-kb-block=\"kb-adv-heading53_4ea249-dc\"]{font-style:normal;}.wp-block-kadence-advancedheading.kt-adv-heading53_4ea249-dc mark.kt-highlight, .wp-block-kadence-advancedheading.kt-adv-heading53_4ea249-dc[data-kb-block=\"kb-adv-heading53_4ea249-dc\"] mark.kt-highlight{font-style:normal;color:#f76a0c;-webkit-box-decoration-break:clone;box-decoration-break:clone;padding-top:0px;padding-right:0px;padding-bottom:0px;padding-left:0px;}.wp-block-kadence-advancedheading.kt-adv-heading53_4ea249-dc img.kb-inline-image, .wp-block-kadence-advancedheading.kt-adv-heading53_4ea249-dc[data-kb-block=\"kb-adv-heading53_4ea249-dc\"] img.kb-inline-image{width:150px;vertical-align:baseline;}<\/style>\n<h2 class=\"kt-adv-heading53_4ea249-dc wp-block-kadence-advancedheading\" data-kb-block=\"kb-adv-heading53_4ea249-dc\">Mo\u017cna si\u0119 z nami skontaktowa\u0107:<\/h2>\n\n\n\n<ul class=\"wp-block-list\">\n<li><strong>Inspektor ochrony danych: Tomasz Ochocki, iod@siarkopol.gda.pl<\/strong><\/li>\n\n\n\n<li>pisemnie, przesy\u0142aj\u0105c korespondencj\u0119 na adres: ul. mjr. H. Sucharskiego 12, 80-601 Gda\u0144sk z dopiskiem \u201eOchrona danych osobowych\u201d.<\/li>\n<\/ul>\n\n\n<style>.wp-block-kadence-advancedheading.kt-adv-heading53_f26989-62, .wp-block-kadence-advancedheading.kt-adv-heading53_f26989-62[data-kb-block=\"kb-adv-heading53_f26989-62\"]{font-style:normal;}.wp-block-kadence-advancedheading.kt-adv-heading53_f26989-62 mark.kt-highlight, .wp-block-kadence-advancedheading.kt-adv-heading53_f26989-62[data-kb-block=\"kb-adv-heading53_f26989-62\"] mark.kt-highlight{font-style:normal;color:#f76a0c;-webkit-box-decoration-break:clone;box-decoration-break:clone;padding-top:0px;padding-right:0px;padding-bottom:0px;padding-left:0px;}.wp-block-kadence-advancedheading.kt-adv-heading53_f26989-62 img.kb-inline-image, .wp-block-kadence-advancedheading.kt-adv-heading53_f26989-62[data-kb-block=\"kb-adv-heading53_f26989-62\"] img.kb-inline-image{width:150px;vertical-align:baseline;}<\/style>\n<h2 class=\"kt-adv-heading53_f26989-62 wp-block-kadence-advancedheading\" data-kb-block=\"kb-adv-heading53_f26989-62\">Twoje dane osobowe przetwarzane s\u0105 w nast\u0119puj\u0105cych celach:<\/h2>\n\n\n\n<ul class=\"wp-block-list\">\n<li>korzystania przez Ciebie z pe\u0142nej funkcjonalno\u015bci naszej strony internetowej \u2013 podstaw\u0105 prawn\u0105 przetwarzania jest Twoja zgoda (art. 6 ust. 1 lit. a RODO). Przypominamy, \u017ce zgod\u0119 mo\u017cesz cofn\u0105\u0107 w ka\u017cdym czasie. Cofni\u0119cie zgody nie wp\u0142ynie na zgodno\u015b\u0107 z prawem przetwarzania danych do tego czasu;<\/li>\n\n\n\n<li>ustalenia, dochodzenia lub obrony roszcze\u0144 zwi\u0105zanych z korzystaniem z naszej strony internetowej lub z przetwarzaniem Twoich danych osobowych \u2013 poniewa\u017c przetwarzanie jest niezb\u0119dne do realizacji naszego prawnie uzasadnionego interesu (art. 6 ust. 1 lit. f RODO).<\/li>\n<\/ul>\n\n\n\n<p><strong>Odbiorcami Twoich danych osobowych mog\u0105 by\u0107 podmioty \u015bwiadcz\u0105ce na nasz\u0105 rzecz us\u0142ugi informatyczne.<\/strong><\/p>\n\n\n<style>.wp-block-kadence-advancedheading.kt-adv-heading53_9ec9f4-3d, .wp-block-kadence-advancedheading.kt-adv-heading53_9ec9f4-3d[data-kb-block=\"kb-adv-heading53_9ec9f4-3d\"]{font-style:normal;}.wp-block-kadence-advancedheading.kt-adv-heading53_9ec9f4-3d mark.kt-highlight, .wp-block-kadence-advancedheading.kt-adv-heading53_9ec9f4-3d[data-kb-block=\"kb-adv-heading53_9ec9f4-3d\"] mark.kt-highlight{font-style:normal;color:#f76a0c;-webkit-box-decoration-break:clone;box-decoration-break:clone;padding-top:0px;padding-right:0px;padding-bottom:0px;padding-left:0px;}.wp-block-kadence-advancedheading.kt-adv-heading53_9ec9f4-3d img.kb-inline-image, .wp-block-kadence-advancedheading.kt-adv-heading53_9ec9f4-3d[data-kb-block=\"kb-adv-heading53_9ec9f4-3d\"] img.kb-inline-image{width:150px;vertical-align:baseline;}<\/style>\n<h2 class=\"kt-adv-heading53_9ec9f4-3d wp-block-kadence-advancedheading\" data-kb-block=\"kb-adv-heading53_9ec9f4-3d\">Jak d\u0142ugo przechowujemy Twoje dane:<\/h2>\n\n\n\n<p>w przypadku korzystania z naszej strony internetowej \u2013 do momentu zaprzestania przez Ciebie przegl\u0105dania naszej strony internetowej (tzw. pliki cookies sesyjne) albo do momentu usuni\u0119cia przez Ciebie plik\u00f3w cookies z danych historii przegl\u0105dania w Twojej przegl\u0105darce internetowej;<br>w przypadku ustalenia, dochodzenia lub obrony roszcze\u0144 zwi\u0105zanymi z korzystaniem z pe\u0142nej funkcjonalno\u015bci naszej strony internetowej lub z przetwarzaniem Twoich danych osobowych \u2013 do momentu przedawnienia Twoich roszcze\u0144 z ww. tytu\u0142u albo do momentu wniesienia przez Ciebie sprzeciwu, o kt\u00f3rym mowa poni\u017cej.<\/p>\n\n\n<style>.wp-block-kadence-advancedheading.kt-adv-heading53_f7f592-a0, .wp-block-kadence-advancedheading.kt-adv-heading53_f7f592-a0[data-kb-block=\"kb-adv-heading53_f7f592-a0\"]{font-style:normal;}.wp-block-kadence-advancedheading.kt-adv-heading53_f7f592-a0 mark.kt-highlight, .wp-block-kadence-advancedheading.kt-adv-heading53_f7f592-a0[data-kb-block=\"kb-adv-heading53_f7f592-a0\"] mark.kt-highlight{font-style:normal;color:#f76a0c;-webkit-box-decoration-break:clone;box-decoration-break:clone;padding-top:0px;padding-right:0px;padding-bottom:0px;padding-left:0px;}.wp-block-kadence-advancedheading.kt-adv-heading53_f7f592-a0 img.kb-inline-image, .wp-block-kadence-advancedheading.kt-adv-heading53_f7f592-a0[data-kb-block=\"kb-adv-heading53_f7f592-a0\"] img.kb-inline-image{width:150px;vertical-align:baseline;}<\/style>\n<h2 class=\"kt-adv-heading53_f7f592-a0 wp-block-kadence-advancedheading\" data-kb-block=\"kb-adv-heading53_f7f592-a0\">Twoje prawa:<\/h2>\n\n\n\n<ul class=\"wp-block-list\">\n<li>dost\u0119pu do tre\u015bci swoich danych osobowych, ich sprostowania (poprawiania, uzupe\u0142niania), ograniczenia ich przetwarzania lub usuni\u0119cia;<\/li>\n\n\n\n<li>do przenoszenia danych osobowych, kt\u00f3rych nam dostarczy\u0142a\u015b\/dostarczy\u0142e\u015b, tj. otrzymania tych danych osobowych w ustrukturyzowanym, powszechnie u\u017cywanym formacie nadaj\u0105cym si\u0119 do odczytu maszynowego oraz masz prawo przes\u0142a\u0107 te dane osobowe innemu administratorowi. Je\u017celi b\u0119dzie to technicznie mo\u017cliwe, masz prawo \u017c\u0105dania, aby dane osobowe zosta\u0142y przes\u0142ane przez nas bezpo\u015brednio innemu administratorowi.<\/li>\n<\/ul>\n\n\n\n<p>W celu skorzystania z powy\u017cszych praw mo\u017cesz si\u0119 z nami skontaktowa\u0107 si\u0119 \u2013 dane kontaktowe jak wy\u017cej.<\/p>\n\n\n\n<p>Masz tak\u017ce prawo do wniesienia skargi do Prezesa Urz\u0119du Ochrony Danych Osobowych w przypadku uznania, \u017ce przetwarzanie Twoich danych osobowych narusza przepisy dotycz\u0105ce ochrony danych osobowych.<\/p>\n\n\n\n<p><strong>Masz prawo sprzeciwu<\/strong> wobec przetwarzania danych osobowych w celu ustalenia, dochodzenia lub obrony roszcze\u0144 zwi\u0105zanymi z korzystaniem przez Ciebie z pe\u0142nej funkcjonalno\u015bci naszej strony internetowej lub z przetwarzaniem Twoich danych osobowych. Przyczyn\u0105 sprzeciwu mo\u017ce by\u0107 wy\u0142\u0105cznie Twoja szczeg\u00f3lna sytuacja. Po otrzymaniu sprzeciwu przestaniemy przetwarza\u0107 Twoje dane, o ile nie b\u0119dziemy w stanie wykaza\u0107, \u017ce Twoje dane b\u0119d\u0105 niezb\u0119dne do ewentualnego ustalenia, dochodzenia lub obrony roszcze\u0144. W celu skorzystania z prawa sprzeciwu mo\u017cesz skontaktowa\u0107 si\u0119 z nami \u2013 dane kontaktowe jak wy\u017cej.<\/p>\n\n\n\n<p>Podanie przez Ciebie danych osobowych w zwi\u0105zku z wyra\u017con\u0105 zgod\u0105 jest dobrowolne, a ich niepodanie nie rodzi \u017cadnych konsekwencji.<\/p>\n\n\n<style>.wp-block-kadence-advancedheading.kt-adv-heading53_5880bf-99, .wp-block-kadence-advancedheading.kt-adv-heading53_5880bf-99[data-kb-block=\"kb-adv-heading53_5880bf-99\"]{font-style:normal;}.wp-block-kadence-advancedheading.kt-adv-heading53_5880bf-99 mark.kt-highlight, .wp-block-kadence-advancedheading.kt-adv-heading53_5880bf-99[data-kb-block=\"kb-adv-heading53_5880bf-99\"] mark.kt-highlight{font-style:normal;color:#f76a0c;-webkit-box-decoration-break:clone;box-decoration-break:clone;padding-top:0px;padding-right:0px;padding-bottom:0px;padding-left:0px;}.wp-block-kadence-advancedheading.kt-adv-heading53_5880bf-99 img.kb-inline-image, .wp-block-kadence-advancedheading.kt-adv-heading53_5880bf-99[data-kb-block=\"kb-adv-heading53_5880bf-99\"] img.kb-inline-image{width:150px;vertical-align:baseline;}<\/style>\n<h2 class=\"kt-adv-heading53_5880bf-99 wp-block-kadence-advancedheading\" data-kb-block=\"kb-adv-heading53_5880bf-99\">RODO<\/h2>\n\n\n<style>.wp-block-kadence-advancedheading.kt-adv-heading53_ceeff1-94, .wp-block-kadence-advancedheading.kt-adv-heading53_ceeff1-94[data-kb-block=\"kb-adv-heading53_ceeff1-94\"]{font-style:normal;}.wp-block-kadence-advancedheading.kt-adv-heading53_ceeff1-94[data-kb-block=\"kb-adv-heading53_ceeff1-94\"]{display:flex;gap:0.25em;align-items:center;}.wp-block-kadence-advancedheading.kt-adv-heading53_ceeff1-94[data-kb-block=\"kb-adv-heading53_ceeff1-94\"] .kb-adv-heading-icon svg{width:1em;height:1em;}.wp-block-kadence-advancedheading.kt-adv-heading53_ceeff1-94[data-kb-block=\"kb-adv-heading53_ceeff1-94\"] .kb-adv-heading-icon{color:#ff0000;}.wp-block-kadence-advancedheading.kt-adv-heading53_ceeff1-94 mark.kt-highlight, .wp-block-kadence-advancedheading.kt-adv-heading53_ceeff1-94[data-kb-block=\"kb-adv-heading53_ceeff1-94\"] mark.kt-highlight{font-style:normal;color:#f76a0c;-webkit-box-decoration-break:clone;box-decoration-break:clone;padding-top:0px;padding-right:0px;padding-bottom:0px;padding-left:0px;}.wp-block-kadence-advancedheading.kt-adv-heading53_ceeff1-94 img.kb-inline-image, .wp-block-kadence-advancedheading.kt-adv-heading53_ceeff1-94[data-kb-block=\"kb-adv-heading53_ceeff1-94\"] img.kb-inline-image{width:150px;vertical-align:baseline;}<\/style><p class=\"kt-adv-heading53_ceeff1-94 wp-block-kadence-advancedheading kt-adv-heading-has-icon\" data-kb-block=\"kb-adv-heading53_ceeff1-94\"><span class=\"kb-svg-icon-wrap kb-adv-heading-icon kb-svg-icon-fas_file-pdf kb-adv-heading-icon-side-left\"><svg viewBox=\"0 0 384 512\"  fill=\"currentColor\" xmlns=\"http:\/\/www.w3.org\/2000\/svg\"  aria-hidden=\"true\"><path d=\"M181.9 256.1c-5-16-4.9-46.9-2-46.9 8.4 0 7.6 36.9 2 46.9zm-1.7 47.2c-7.7 20.2-17.3 43.3-28.4 62.7 18.3-7 39-17.2 62.9-21.9-12.7-9.6-24.9-23.4-34.5-40.8zM86.1 428.1c0 .8 13.2-5.4 34.9-40.2-6.7 6.3-29.1 24.5-34.9 40.2zM248 160h136v328c0 13.3-10.7 24-24 24H24c-13.3 0-24-10.7-24-24V24C0 10.7 10.7 0 24 0h200v136c0 13.2 10.8 24 24 24zm-8 171.8c-20-12.2-33.3-29-42.7-53.8 4.5-18.5 11.6-46.6 6.2-64.2-4.7-29.4-42.4-26.5-47.8-6.8-5 18.3-.4 44.1 8.1 77-11.6 27.6-28.7 64.6-40.8 85.8-.1 0-.1.1-.2.1-27.1 13.9-73.6 44.5-54.5 68 5.6 6.9 16 10 21.5 10 17.9 0 35.7-18 61.1-61.8 25.8-8.5 54.1-19.1 79-23.2 21.7 11.8 47.1 19.5 64 19.5 29.2 0 31.2-32 19.7-43.4-13.9-13.6-54.3-9.7-73.6-7.2zM377 105L279 7c-4.5-4.5-10.6-7-17-7h-6v128h128v-6.1c0-6.3-2.5-12.4-7-16.9zm-74.1 255.3c4.1-2.7-2.5-11.9-42.8-9 37.1 15.8 42.8 9 42.8 9z\"\/><\/svg><\/span><span class=\"kb-adv-text-inner\"><a href=\"https:\/\/siarkopol.gda.pl\/wp-content\/uploads\/2025\/06\/Obowiazek-informacyjny-dla-osob-kontaktowych-Siarkopol.pdf\" target=\"_blank\" rel=\"noreferrer noopener\">Obowi\u0105zek informacyjny dla os\u00f3b kontaktowych Siarkopol<\/a><\/span><\/p><\/div><\/div>\n\n<\/div><\/div>","protected":false},"excerpt":{"rendered":"<p>Personal Data Administrator In connection with your acceptance of cookies on our website, \"SIARKOPOL\" Gda\u0144sk Sp\u00f3\u0142ka akcyjna with its registered office in Gda\u0144sk 80-601 at ul. mjr H. Sucharskiego 12, registered in the District Court Gda\u0144sk - North in Gda\u0144sk, VII Economic Division of the National Court Register under KRS no. 0000045354, REGON 190555377, NIP 583-000-11-26, share capital\/paid in...<\/p>","protected":false},"author":2,"featured_media":0,"parent":51,"menu_order":0,"comment_status":"closed","ping_status":"closed","template":"","meta":{"_kad_blocks_custom_css":"","_kad_blocks_head_custom_js":"","_kad_blocks_body_custom_js":"","_kad_blocks_footer_custom_js":"","_kad_post_transparent":"","_kad_post_title":"","_kad_post_layout":"","_kad_post_sidebar_id":"","_kad_post_content_style":"","_kad_post_vertical_padding":"","_kad_post_feature":"","_kad_post_feature_position":"","_kad_post_header":false,"_kad_post_footer":false,"_kad_post_classname":"","footnotes":""},"class_list":["post-53","page","type-page","status-publish","hentry"],"taxonomy_info":[],"featured_image_src_large":false,"author_info":{"display_name":"Micha\u0142","author_link":"https:\/\/siarkopol.gda.pl\/en\/author\/michal\/"},"comment_info":0,"_links":{"self":[{"href":"https:\/\/siarkopol.gda.pl\/en\/wp-json\/wp\/v2\/pages\/53","targetHints":{"allow":["GET"]}}],"collection":[{"href":"https:\/\/siarkopol.gda.pl\/en\/wp-json\/wp\/v2\/pages"}],"about":[{"href":"https:\/\/siarkopol.gda.pl\/en\/wp-json\/wp\/v2\/types\/page"}],"author":[{"embeddable":true,"href":"https:\/\/siarkopol.gda.pl\/en\/wp-json\/wp\/v2\/users\/2"}],"replies":[{"embeddable":true,"href":"https:\/\/siarkopol.gda.pl\/en\/wp-json\/wp\/v2\/comments?post=53"}],"version-history":[{"count":0,"href":"https:\/\/siarkopol.gda.pl\/en\/wp-json\/wp\/v2\/pages\/53\/revisions"}],"up":[{"embeddable":true,"href":"https:\/\/siarkopol.gda.pl\/en\/wp-json\/wp\/v2\/pages\/51"}],"wp:attachment":[{"href":"https:\/\/siarkopol.gda.pl\/en\/wp-json\/wp\/v2\/media?parent=53"}],"curies":[{"name":"wp","href":"https:\/\/api.w.org\/{rel}","templated":true}]}}