{"id":57,"date":"2025-06-04T07:58:54","date_gmt":"2025-06-04T05:58:54","guid":{"rendered":"https:\/\/siarkopol.gda.pl\/?page_id=57"},"modified":"2026-02-19T13:33:08","modified_gmt":"2026-02-19T12:33:08","slug":"environmental-protection","status":"publish","type":"page","link":"https:\/\/siarkopol.gda.pl\/en\/informacje-prawne\/ochrona-srodowiska\/","title":{"rendered":"Environmental protection"},"content":{"rendered":"<style>.kb-row-layout-id57_828d89-95 > .kt-row-column-wrap{align-content:start;}:where(.kb-row-layout-id57_828d89-95 > .kt-row-column-wrap) > .wp-block-kadence-column{justify-content:start;}.kb-row-layout-id57_828d89-95 > .kt-row-column-wrap{column-gap:var(--global-kb-gap-md, 2rem);row-gap:var(--global-kb-gap-md, 2rem);max-width:var( --global-content-width, 1450px );padding-left:var(--global-content-edge-padding);padding-right:var(--global-content-edge-padding);padding-top:var(--global-kb-spacing-xl, 4rem);padding-bottom:var(--global-kb-spacing-3xl, 6.5rem);grid-template-columns:minmax(0, 1fr);}.kb-row-layout-id57_828d89-95 > .kt-row-layout-overlay{opacity:0.30;}@media all and (max-width: 1024px){.kb-row-layout-id57_828d89-95 > .kt-row-column-wrap{grid-template-columns:minmax(0, 1fr);}}@media all and (max-width: 767px){.kb-row-layout-id57_828d89-95 > .kt-row-column-wrap{grid-template-columns:minmax(0, 1fr);}}<\/style><div class=\"kb-row-layout-wrap kb-row-layout-id57_828d89-95 alignnone wp-block-kadence-rowlayout\"><div class=\"kt-row-column-wrap kt-has-1-columns kt-row-layout-equal kt-tab-layout-inherit kt-mobile-layout-row kt-row-valign-top kb-theme-content-width\">\n<style>.kadence-column57_105695-40 > .kt-inside-inner-col,.kadence-column57_105695-40 > .kt-inside-inner-col:before{border-top-left-radius:0px;border-top-right-radius:0px;border-bottom-right-radius:0px;border-bottom-left-radius:0px;}.kadence-column57_105695-40 > .kt-inside-inner-col{column-gap:var(--global-kb-gap-sm, 1rem);}.kadence-column57_105695-40 > .kt-inside-inner-col{flex-direction:column;}.kadence-column57_105695-40 > .kt-inside-inner-col > .aligncenter{width:100%;}.kadence-column57_105695-40 > .kt-inside-inner-col:before{opacity:0.3;}.kadence-column57_105695-40{position:relative;}@media all and (max-width: 1024px){.kadence-column57_105695-40 > .kt-inside-inner-col{flex-direction:column;justify-content:center;}}@media all and (max-width: 767px){.kadence-column57_105695-40 > .kt-inside-inner-col{flex-direction:column;justify-content:center;}}<\/style>\n<div class=\"wp-block-kadence-column kadence-column57_105695-40\"><div class=\"kt-inside-inner-col\">\n<p>Zgodnie z obowi\u0105zuj\u0105cymi przepisami prawa ochrony \u015brodowiska, poni\u017cej udost\u0119pniamy zaktualizowan\u0105 informacj\u0119 dla mieszka\u0144c\u00f3w oraz jednostek organizacyjnych, kt\u00f3re mog\u0105 zosta\u0107 obj\u0119te skutkami awarii przemys\u0142owej. Dokument zawiera dane dotycz\u0105ce charakterystyki zak\u0142adu \u201eSIARKOPOL\u201d Gda\u0144sk S.A., klasyfikacji ryzyka, substancji niebezpiecznych, a tak\u017ce procedur alarmowych i zasad post\u0119powania w sytuacji zagro\u017cenia.<\/p>\n\n\n\n<p>Zapraszamy do zapoznania si\u0119 z pe\u0142n\u0105 tre\u015bci\u0105 dokumentu:<\/p>\n\n\n<style>.wp-block-kadence-advancedheading.kt-adv-heading57_e131ee-24, .wp-block-kadence-advancedheading.kt-adv-heading57_e131ee-24[data-kb-block=\"kb-adv-heading57_e131ee-24\"]{font-style:normal;}.wp-block-kadence-advancedheading.kt-adv-heading57_e131ee-24[data-kb-block=\"kb-adv-heading57_e131ee-24\"]{display:flex;gap:0.25em;align-items:center;}.wp-block-kadence-advancedheading.kt-adv-heading57_e131ee-24[data-kb-block=\"kb-adv-heading57_e131ee-24\"] .kb-adv-heading-icon svg{width:1em;height:1em;}.wp-block-kadence-advancedheading.kt-adv-heading57_e131ee-24[data-kb-block=\"kb-adv-heading57_e131ee-24\"] .kb-adv-heading-icon{color:#ff0000;}.wp-block-kadence-advancedheading.kt-adv-heading57_e131ee-24 mark.kt-highlight, .wp-block-kadence-advancedheading.kt-adv-heading57_e131ee-24[data-kb-block=\"kb-adv-heading57_e131ee-24\"] mark.kt-highlight{font-style:normal;color:#f76a0c;-webkit-box-decoration-break:clone;box-decoration-break:clone;padding-top:0px;padding-right:0px;padding-bottom:0px;padding-left:0px;}.wp-block-kadence-advancedheading.kt-adv-heading57_e131ee-24 img.kb-inline-image, .wp-block-kadence-advancedheading.kt-adv-heading57_e131ee-24[data-kb-block=\"kb-adv-heading57_e131ee-24\"] img.kb-inline-image{width:150px;vertical-align:baseline;}<\/style><p class=\"kt-adv-heading57_e131ee-24 wp-block-kadence-advancedheading kt-adv-heading-has-icon\" data-kb-block=\"kb-adv-heading57_e131ee-24\"><span class=\"kb-svg-icon-wrap kb-adv-heading-icon kb-svg-icon-fas_file-pdf kb-adv-heading-icon-side-left\"><svg viewBox=\"0 0 384 512\"  fill=\"currentColor\" xmlns=\"http:\/\/www.w3.org\/2000\/svg\"  aria-hidden=\"true\"><path d=\"M181.9 256.1c-5-16-4.9-46.9-2-46.9 8.4 0 7.6 36.9 2 46.9zm-1.7 47.2c-7.7 20.2-17.3 43.3-28.4 62.7 18.3-7 39-17.2 62.9-21.9-12.7-9.6-24.9-23.4-34.5-40.8zM86.1 428.1c0 .8 13.2-5.4 34.9-40.2-6.7 6.3-29.1 24.5-34.9 40.2zM248 160h136v328c0 13.3-10.7 24-24 24H24c-13.3 0-24-10.7-24-24V24C0 10.7 10.7 0 24 0h200v136c0 13.2 10.8 24 24 24zm-8 171.8c-20-12.2-33.3-29-42.7-53.8 4.5-18.5 11.6-46.6 6.2-64.2-4.7-29.4-42.4-26.5-47.8-6.8-5 18.3-.4 44.1 8.1 77-11.6 27.6-28.7 64.6-40.8 85.8-.1 0-.1.1-.2.1-27.1 13.9-73.6 44.5-54.5 68 5.6 6.9 16 10 21.5 10 17.9 0 35.7-18 61.1-61.8 25.8-8.5 54.1-19.1 79-23.2 21.7 11.8 47.1 19.5 64 19.5 29.2 0 31.2-32 19.7-43.4-13.9-13.6-54.3-9.7-73.6-7.2zM377 105L279 7c-4.5-4.5-10.6-7-17-7h-6v128h128v-6.1c0-6.3-2.5-12.4-7-16.9zm-74.1 255.3c4.1-2.7-2.5-11.9-42.8-9 37.1 15.8 42.8 9 42.8 9z\"\/><\/svg><\/span><span class=\"kb-adv-text-inner\"><a href=\"https:\/\/siarkopol.gda.pl\/wp-content\/uploads\/2026\/02\/Informacja-dla-mieszkancow-ZZR-19.02.2026-1.pdf\" target=\"_blank\" rel=\"noreferrer noopener\">Informacja dla mieszka\u0144c\u00f3w \u2013 ZZR_19.02.2026<\/a><\/span><\/p><\/div><\/div>\n\n<\/div><\/div>","protected":false},"excerpt":{"rendered":"<p>In accordance with current environmental protection legislation, we are providing below updated information for residents and organisational units that may be affected by an industrial accident. The document contains data on the characteristics of the \"SIARKOPOL\" Gda\u0144sk S.A. plant, risk classification, hazardous substances, as well as emergency procedures and rules of conduct in case of a hazard situation. We invite you to read the full content of the document: Information...<\/p>","protected":false},"author":2,"featured_media":0,"parent":51,"menu_order":0,"comment_status":"closed","ping_status":"closed","template":"","meta":{"_kad_blocks_custom_css":"","_kad_blocks_head_custom_js":"","_kad_blocks_body_custom_js":"","_kad_blocks_footer_custom_js":"","_kad_post_transparent":"","_kad_post_title":"","_kad_post_layout":"","_kad_post_sidebar_id":"","_kad_post_content_style":"","_kad_post_vertical_padding":"","_kad_post_feature":"","_kad_post_feature_position":"","_kad_post_header":false,"_kad_post_footer":false,"_kad_post_classname":"","footnotes":""},"class_list":["post-57","page","type-page","status-publish","hentry"],"taxonomy_info":[],"featured_image_src_large":false,"author_info":{"display_name":"Micha\u0142","author_link":"https:\/\/siarkopol.gda.pl\/en\/author\/michal\/"},"comment_info":0,"_links":{"self":[{"href":"https:\/\/siarkopol.gda.pl\/en\/wp-json\/wp\/v2\/pages\/57","targetHints":{"allow":["GET"]}}],"collection":[{"href":"https:\/\/siarkopol.gda.pl\/en\/wp-json\/wp\/v2\/pages"}],"about":[{"href":"https:\/\/siarkopol.gda.pl\/en\/wp-json\/wp\/v2\/types\/page"}],"author":[{"embeddable":true,"href":"https:\/\/siarkopol.gda.pl\/en\/wp-json\/wp\/v2\/users\/2"}],"replies":[{"embeddable":true,"href":"https:\/\/siarkopol.gda.pl\/en\/wp-json\/wp\/v2\/comments?post=57"}],"version-history":[{"count":3,"href":"https:\/\/siarkopol.gda.pl\/en\/wp-json\/wp\/v2\/pages\/57\/revisions"}],"predecessor-version":[{"id":564,"href":"https:\/\/siarkopol.gda.pl\/en\/wp-json\/wp\/v2\/pages\/57\/revisions\/564"}],"up":[{"embeddable":true,"href":"https:\/\/siarkopol.gda.pl\/en\/wp-json\/wp\/v2\/pages\/51"}],"wp:attachment":[{"href":"https:\/\/siarkopol.gda.pl\/en\/wp-json\/wp\/v2\/media?parent=57"}],"curies":[{"name":"wp","href":"https:\/\/api.w.org\/{rel}","templated":true}]}}